{"id":23103,"date":"2022-10-28T11:37:34","date_gmt":"2022-10-28T14:37:34","guid":{"rendered":"https:\/\/projetos.leadits.com.br\/Pmsi\/?page_id=23103"},"modified":"2024-01-22T09:43:59","modified_gmt":"2024-01-22T12:43:59","slug":"prefeito","status":"publish","type":"page","link":"https:\/\/projetos.leadits.com.br\/Pmsi\/prefeito\/","title":{"rendered":"PREFEITO"},"content":{"rendered":"\t\t<div data-elementor-type=\"wp-page\" data-elementor-id=\"23103\" class=\"elementor elementor-23103\">\n\t\t\t\t\t\t<section class=\"elementor-section elementor-top-section elementor-element elementor-element-2f5e594 elementor-section-boxed elementor-section-height-default elementor-section-height-default\" data-id=\"2f5e594\" data-element_type=\"section\" data-settings=\"{&quot;_ha_eqh_enable&quot;:false}\">\n\t\t\t\t\t\t<div class=\"elementor-container elementor-column-gap-default\">\n\t\t\t\t\t<div class=\"elementor-column elementor-col-50 elementor-top-column elementor-element elementor-element-dec3b85\" data-id=\"dec3b85\" data-element_type=\"column\">\n\t\t\t<div class=\"elementor-widget-wrap elementor-element-populated\">\n\t\t\t\t\t\t<section class=\"elementor-section elementor-inner-section elementor-element elementor-element-3bf4f7d elementor-section-boxed elementor-section-height-default elementor-section-height-default\" data-id=\"3bf4f7d\" data-element_type=\"section\" data-settings=\"{&quot;_ha_eqh_enable&quot;:false}\">\n\t\t\t\t\t\t<div class=\"elementor-container elementor-column-gap-default\">\n\t\t\t\t\t<div class=\"elementor-column elementor-col-50 elementor-inner-column elementor-element elementor-element-dc81b78\" data-id=\"dc81b78\" data-element_type=\"column\">\n\t\t\t<div class=\"elementor-widget-wrap elementor-element-populated\">\n\t\t\t\t\t\t<div class=\"elementor-element elementor-element-0805298 elementor-widget elementor-widget-heading\" data-id=\"0805298\" data-element_type=\"widget\" data-widget_type=\"heading.default\">\n\t\t\t\t<div class=\"elementor-widget-container\">\n\t\t\t<h4 class=\"elementor-heading-title elementor-size-default\">Prefeito<\/h4>\t\t<\/div>\n\t\t\t\t<\/div>\n\t\t\t\t<div class=\"elementor-element elementor-element-bafe6d1 elementor-widget-divider--view-line elementor-widget elementor-widget-divider\" data-id=\"bafe6d1\" data-element_type=\"widget\" data-widget_type=\"divider.default\">\n\t\t\t\t<div class=\"elementor-widget-container\">\n\t\t\t\t\t<div class=\"elementor-divider\">\n\t\t\t<span class=\"elementor-divider-separator\">\n\t\t\t\t\t\t<\/span>\n\t\t<\/div>\n\t\t\t\t<\/div>\n\t\t\t\t<\/div>\n\t\t\t\t\t<\/div>\n\t\t<\/div>\n\t\t\t\t<div class=\"elementor-column elementor-col-50 elementor-inner-column elementor-element elementor-element-7ed604a\" data-id=\"7ed604a\" data-element_type=\"column\" data-settings=\"{&quot;background_background&quot;:&quot;classic&quot;}\">\n\t\t\t<div class=\"elementor-widget-wrap\">\n\t\t\t\t\t\t\t<\/div>\n\t\t<\/div>\n\t\t\t\t\t<\/div>\n\t\t<\/section>\n\t\t\t\t<section class=\"elementor-section elementor-inner-section elementor-element elementor-element-30bd6c3 elementor-section-boxed elementor-section-height-default elementor-section-height-default\" data-id=\"30bd6c3\" data-element_type=\"section\" data-settings=\"{&quot;_ha_eqh_enable&quot;:false}\">\n\t\t\t\t\t\t<div class=\"elementor-container elementor-column-gap-default\">\n\t\t\t\t\t<div class=\"elementor-column elementor-col-50 elementor-inner-column elementor-element elementor-element-0506597\" data-id=\"0506597\" data-element_type=\"column\">\n\t\t\t<div class=\"elementor-widget-wrap elementor-element-populated\">\n\t\t\t\t\t\t<div class=\"elementor-element elementor-element-7ff9e1e elementor-widget elementor-widget-text-editor\" data-id=\"7ff9e1e\" data-element_type=\"widget\" data-widget_type=\"text-editor.default\">\n\t\t\t\t<div class=\"elementor-widget-container\">\n\t\t\t\t\t\t\t<p><strong>Prefeito:<\/strong> Carlos Augusto Chinchilla Alfonzo<\/p>\t\t\t\t\t\t<\/div>\n\t\t\t\t<\/div>\n\t\t\t\t<div class=\"elementor-element elementor-element-6e81310 elementor-widget elementor-widget-text-editor\" data-id=\"6e81310\" data-element_type=\"widget\" data-widget_type=\"text-editor.default\">\n\t\t\t\t<div class=\"elementor-widget-container\">\n\t\t\t\t\t\t\t<p><strong>Endere\u00e7o:<\/strong> Av. da Rep\u00fablica, 297\u00a0 &#8211; Centro &#8211; Santa Isabel &#8211; SP &#8211; 07500-000<\/p>\t\t\t\t\t\t<\/div>\n\t\t\t\t<\/div>\n\t\t\t\t<div class=\"elementor-element elementor-element-73106b4 elementor-widget elementor-widget-spacer\" data-id=\"73106b4\" data-element_type=\"widget\" data-widget_type=\"spacer.default\">\n\t\t\t\t<div class=\"elementor-widget-container\">\n\t\t\t\t\t<div class=\"elementor-spacer\">\n\t\t\t<div class=\"elementor-spacer-inner\"><\/div>\n\t\t<\/div>\n\t\t\t\t<\/div>\n\t\t\t\t<\/div>\n\t\t\t\t<div class=\"elementor-element elementor-element-c5f3eb3 elementor-widget elementor-widget-text-editor\" data-id=\"c5f3eb3\" data-element_type=\"widget\" data-widget_type=\"text-editor.default\">\n\t\t\t\t<div class=\"elementor-widget-container\">\n\t\t\t\t\t\t\t<p><strong>Telefone:<\/strong> (11) 4656 &#8211; 1000<\/p>\t\t\t\t\t\t<\/div>\n\t\t\t\t<\/div>\n\t\t\t\t<div class=\"elementor-element elementor-element-4f92b86 elementor-widget elementor-widget-text-editor\" data-id=\"4f92b86\" data-element_type=\"widget\" data-widget_type=\"text-editor.default\">\n\t\t\t\t<div class=\"elementor-widget-container\">\n\t\t\t\t\t\t\t<p><strong>Ramais: <\/strong>\u00a04000, 4009<\/p>\t\t\t\t\t\t<\/div>\n\t\t\t\t<\/div>\n\t\t\t\t<div class=\"elementor-element elementor-element-b3c89f9 elementor-widget elementor-widget-spacer\" data-id=\"b3c89f9\" data-element_type=\"widget\" data-widget_type=\"spacer.default\">\n\t\t\t\t<div class=\"elementor-widget-container\">\n\t\t\t\t\t<div class=\"elementor-spacer\">\n\t\t\t<div class=\"elementor-spacer-inner\"><\/div>\n\t\t<\/div>\n\t\t\t\t<\/div>\n\t\t\t\t<\/div>\n\t\t\t\t<div class=\"elementor-element elementor-element-c06930a elementor-widget elementor-widget-text-editor\" data-id=\"c06930a\" data-element_type=\"widget\" data-widget_type=\"text-editor.default\">\n\t\t\t\t<div class=\"elementor-widget-container\">\n\t\t\t\t\t\t\t<p><a href=\"mailto:adm.secgabinete@santaisabel.sp.gov.br\">adm.secgabinete@santaisabel.sp.gov.br<\/a><\/p><div id=\"acfifjfajpekbmhmjppnmmjgmhjkildl\" class=\"acfifjfajpekbmhmjppnmmjgmhjkildl\">\u00a0<\/div>\t\t\t\t\t\t<\/div>\n\t\t\t\t<\/div>\n\t\t\t\t\t<\/div>\n\t\t<\/div>\n\t\t\t\t<div class=\"elementor-column elementor-col-50 elementor-inner-column elementor-element elementor-element-247e62c\" data-id=\"247e62c\" data-element_type=\"column\" data-settings=\"{&quot;background_background&quot;:&quot;classic&quot;}\">\n\t\t\t<div class=\"elementor-widget-wrap\">\n\t\t\t\t\t\t\t<\/div>\n\t\t<\/div>\n\t\t\t\t\t<\/div>\n\t\t<\/section>\n\t\t\t\t\t<\/div>\n\t\t<\/div>\n\t\t\t\t<div class=\"elementor-column elementor-col-50 elementor-top-column elementor-element elementor-element-9684a8a\" data-id=\"9684a8a\" data-element_type=\"column\">\n\t\t\t<div class=\"elementor-widget-wrap elementor-element-populated\">\n\t\t\t\t\t\t<div class=\"elementor-element elementor-element-f1e0aec elementor-widget elementor-widget-image\" data-id=\"f1e0aec\" data-element_type=\"widget\" data-widget_type=\"image.default\">\n\t\t\t\t<div class=\"elementor-widget-container\">\n\t\t\t\t\t\t\t\t\t\t\t\t\t\t<a href=\"https:\/\/projetos.leadits.com.br\/Pmsi\/wp-content\/uploads\/2022\/10\/FOTO-PREFEITO.png\" data-elementor-open-lightbox=\"yes\" data-elementor-lightbox-title=\"FOTO PREFEITO\" data-e-action-hash=\"#elementor-action%3Aaction%3Dlightbox%26settings%3DeyJpZCI6MjMxMDksInVybCI6Imh0dHBzOlwvXC9wcm9qZXRvcy5sZWFkaXRzLmNvbS5iclwvUG1zaVwvd3AtY29udGVudFwvdXBsb2Fkc1wvMjAyMlwvMTBcL0ZPVE8tUFJFRkVJVE8ucG5nIn0%3D\">\n\t\t\t\t\t\t\t<img fetchpriority=\"high\" decoding=\"async\" width=\"200\" height=\"300\" src=\"https:\/\/projetos.leadits.com.br\/Pmsi\/wp-content\/uploads\/2022\/10\/FOTO-PREFEITO.png\" class=\"attachment-full size-full wp-image-23109\" alt=\"\" \/>\t\t\t\t\t\t\t\t<\/a>\n\t\t\t\t\t\t\t\t\t\t\t\t\t<\/div>\n\t\t\t\t<\/div>\n\t\t\t\t\t<\/div>\n\t\t<\/div>\n\t\t\t\t\t<\/div>\n\t\t<\/section>\n\t\t\t\t<section class=\"elementor-section elementor-top-section elementor-element elementor-element-eeda971 elementor-section-boxed elementor-section-height-default elementor-section-height-default\" data-id=\"eeda971\" data-element_type=\"section\" data-settings=\"{&quot;_ha_eqh_enable&quot;:false}\">\n\t\t\t\t\t\t<div class=\"elementor-container elementor-column-gap-default\">\n\t\t\t\t\t<div class=\"elementor-column elementor-col-33 elementor-top-column elementor-element elementor-element-0e81ba6\" data-id=\"0e81ba6\" data-element_type=\"column\">\n\t\t\t<div class=\"elementor-widget-wrap\">\n\t\t\t\t\t\t\t<\/div>\n\t\t<\/div>\n\t\t\t\t<div class=\"elementor-column elementor-col-33 elementor-top-column elementor-element elementor-element-7df1897\" data-id=\"7df1897\" data-element_type=\"column\">\n\t\t\t<div class=\"elementor-widget-wrap elementor-element-populated\">\n\t\t\t\t\t\t<div class=\"elementor-element elementor-element-1c58c52 elementor-widget elementor-widget-heading\" data-id=\"1c58c52\" data-element_type=\"widget\" data-widget_type=\"heading.default\">\n\t\t\t\t<div class=\"elementor-widget-container\">\n\t\t\t<h4 class=\"elementor-heading-title elementor-size-default\">Quem \u00e9 Carlos Augusto Chinchilla Alfonzo ?<\/h4>\t\t<\/div>\n\t\t\t\t<\/div>\n\t\t\t\t<div class=\"elementor-element elementor-element-241b485 elementor-widget elementor-widget-spacer\" data-id=\"241b485\" data-element_type=\"widget\" data-widget_type=\"spacer.default\">\n\t\t\t\t<div class=\"elementor-widget-container\">\n\t\t\t\t\t<div class=\"elementor-spacer\">\n\t\t\t<div class=\"elementor-spacer-inner\"><\/div>\n\t\t<\/div>\n\t\t\t\t<\/div>\n\t\t\t\t<\/div>\n\t\t\t\t<div class=\"elementor-element elementor-element-b27054c elementor-widget elementor-widget-text-editor\" data-id=\"b27054c\" data-element_type=\"widget\" data-widget_type=\"text-editor.default\">\n\t\t\t\t<div class=\"elementor-widget-container\">\n\t\t\t\t\t\t\t<p style=\"margin-bottom: 20px; color: #555555; font-size: 15px;\">Carlos Augusto Chinchilla Alfonzo, Dr Carlos Chinchilla, como \u00e9 conhecido pela popula\u00e7\u00e3o isabelense, nasceu na Col\u00f4mbia em 12 de outubro 1967. \u00c9 casado com a Fisioterapeuta e Instrumentadora Cir\u00fargica Helena In\u00e1cio Chinchilla, e pai de cinco filhos, Andr\u00e9 Felipe, Ana Carolina, Miguel e as g\u00eameas Maria Helena e Maria Clara.<br \/>Seus pais, Dona Esther a e Senhor Hector, com medo da situa\u00e7\u00e3o de guerra contra o narcotr\u00e1fico na Col\u00f4mbia e no desejo de ofertar uma vida melhor, mandou o ca\u00e7ula de 5 irm\u00e3os, com 15 anos para morar no Brasil, na cidade de Campinas. Longe dos pais, tendo apenas uma mochila como bagagem, o colombiano adolescente carregava em seu cora\u00e7\u00e3o o desejo de escrever sua hist\u00f3ria de supera\u00e7\u00e3o. Sem condi\u00e7\u00f5es financeiras, com muito esfor\u00e7o e dedica\u00e7\u00e3o, dividiu seu tempo entre os estudos e o trabalho em diversas fun\u00e7\u00f5es no com\u00e9rcio local de Campinas. Em 1987 Dr Carlos naturalizou-se brasileiro, prestando vestibular de Medicina em uma das Universidades mais concorridas do Brasil \u2013 UNICAMP, aprovado, conseguiu com honra terminar o curso em tempo correto de 6 anos, formando-se em 1991.<br \/>Optou por fazer resid\u00eancia em Anestesiologia na Pontif\u00edcia Universidade Cat\u00f3lica de Campinas (PUCCAMP) Especializou-se em sa\u00fade p\u00fablica pela Universidade Gama Filho (RJ), doc\u00eancia universit\u00e1ria pela Universidade Cruzeiro do Sul (Unicsul) e em geriatria pela FAMART(MG).<\/p><p style=\"margin-bottom: 20px; color: #555555; font-size: 15px;\">Com resid\u00eancia conclu\u00edda, escolheu o Para\u00edso da Grande S\u00e3o Paulo, Santa Isabel para dar in\u00edcio a sua jornada profissional; e a unidade de sa\u00fade escolhida para iniciar esta jornada profissional foi a Santa Casa da Miseric\u00f3rdia, atuando como diretor cl\u00ednico durante 6 anos.<br \/>Tamb\u00e9m atuou como diretor do Hospital Municipal de Itaquaquecetuba durante 4 anos. Atualmente permanece na Santa Casa como coordenador da equipe de anestesia e atua tamb\u00e9m na UTI, emerg\u00eancia, enfermarias (cl\u00ednica m\u00e9dica, ginecologia\/Obstetr\u00edcia) quando necess\u00e1rio. \u00c9 servidor do Estado de SP concursado e tamb\u00e9m pela Prefeitura da Cidade vizinha de Po\u00e1. Dr. Carlos realizou atendimento nas Unidades de Estrat\u00e9gia Sa\u00fade da Fam\u00edlia (ESF) Avenida Rep\u00fablica, Avenida Brasil e Monte Negro como m\u00e9dico concursado da Prefeitura de Santa Isabel por mais de 15 anos, desempenhando sua fun\u00e7\u00e3o com efici\u00eancia e humaniza\u00e7\u00e3o, sendo homenageado pela C\u00e2mara dos Vereadores de Santa Isabel recebendo o T\u00edtulo de cidad\u00e3o isabelense em reconhecimento pelos servi\u00e7os prestados ao munic\u00edpio. Dr. Carlos ingressou na pol\u00edtica em 2016 como vice-prefeito.<\/p>\t\t\t\t\t\t<\/div>\n\t\t\t\t<\/div>\n\t\t\t\t\t<\/div>\n\t\t<\/div>\n\t\t\t\t<div class=\"elementor-column elementor-col-33 elementor-top-column elementor-element elementor-element-f6abb93\" data-id=\"f6abb93\" data-element_type=\"column\">\n\t\t\t<div class=\"elementor-widget-wrap\">\n\t\t\t\t\t\t\t<\/div>\n\t\t<\/div>\n\t\t\t\t\t<\/div>\n\t\t<\/section>\n\t\t\t\t<\/div>\n\t\t","protected":false},"excerpt":{"rendered":"<p>Prefeito Prefeito: Carlos Augusto Chinchilla Alfonzo Endere\u00e7o: Av. da Rep\u00fablica, 297\u00a0 &#8211; Centro &#8211; Santa Isabel &#8211; SP &#8211; 07500-000 Telefone: (11) 4656 &#8211; 1000 Ramais: \u00a04000, 4009 adm.secgabinete@santaisabel.sp.gov.br \u00a0 Quem \u00e9 Carlos Augusto Chinchilla Alfonzo ? Carlos Augusto Chinchilla Alfonzo, Dr Carlos Chinchilla, como \u00e9 conhecido pela popula\u00e7\u00e3o isabelense, nasceu na Col\u00f4mbia em 12 &#8230; <a title=\"PREFEITO\" class=\"read-more\" href=\"https:\/\/projetos.leadits.com.br\/Pmsi\/prefeito\/\" aria-label=\"Read more about PREFEITO\">Ler mais<\/a><\/p>\n","protected":false},"author":1,"featured_media":0,"parent":0,"menu_order":0,"comment_status":"closed","ping_status":"closed","template":"","meta":{"inline_featured_image":false,"footnotes":""},"folder":[32],"class_list":["post-23103","page","type-page","status-publish"],"_links":{"self":[{"href":"https:\/\/projetos.leadits.com.br\/Pmsi\/wp-json\/wp\/v2\/pages\/23103"}],"collection":[{"href":"https:\/\/projetos.leadits.com.br\/Pmsi\/wp-json\/wp\/v2\/pages"}],"about":[{"href":"https:\/\/projetos.leadits.com.br\/Pmsi\/wp-json\/wp\/v2\/types\/page"}],"author":[{"embeddable":true,"href":"https:\/\/projetos.leadits.com.br\/Pmsi\/wp-json\/wp\/v2\/users\/1"}],"replies":[{"embeddable":true,"href":"https:\/\/projetos.leadits.com.br\/Pmsi\/wp-json\/wp\/v2\/comments?post=23103"}],"version-history":[{"count":23,"href":"https:\/\/projetos.leadits.com.br\/Pmsi\/wp-json\/wp\/v2\/pages\/23103\/revisions"}],"predecessor-version":[{"id":23427,"href":"https:\/\/projetos.leadits.com.br\/Pmsi\/wp-json\/wp\/v2\/pages\/23103\/revisions\/23427"}],"wp:attachment":[{"href":"https:\/\/projetos.leadits.com.br\/Pmsi\/wp-json\/wp\/v2\/media?parent=23103"}],"wp:term":[{"taxonomy":"folder","embeddable":true,"href":"https:\/\/projetos.leadits.com.br\/Pmsi\/wp-json\/wp\/v2\/folder?post=23103"}],"curies":[{"name":"wp","href":"https:\/\/api.w.org\/{rel}","templated":true}]}}