{"id":23185,"date":"2023-02-20T13:49:29","date_gmt":"2023-02-20T16:49:29","guid":{"rendered":"https:\/\/projetos.leadits.com.br\/Pmsi\/?page_id=23185"},"modified":"2024-01-22T09:50:52","modified_gmt":"2024-01-22T12:50:52","slug":"vice-prefeita","status":"publish","type":"page","link":"https:\/\/projetos.leadits.com.br\/Pmsi\/vice-prefeita\/","title":{"rendered":"VICE &#8211; PREFEITA"},"content":{"rendered":"\t\t<div data-elementor-type=\"wp-page\" data-elementor-id=\"23185\" class=\"elementor elementor-23185\">\n\t\t\t\t\t\t<section class=\"elementor-section elementor-top-section elementor-element elementor-element-2f5e594 elementor-section-boxed elementor-section-height-default elementor-section-height-default\" data-id=\"2f5e594\" data-element_type=\"section\" data-settings=\"{&quot;_ha_eqh_enable&quot;:false}\">\n\t\t\t\t\t\t<div class=\"elementor-container elementor-column-gap-default\">\n\t\t\t\t\t<div class=\"elementor-column elementor-col-50 elementor-top-column elementor-element elementor-element-dec3b85\" data-id=\"dec3b85\" data-element_type=\"column\">\n\t\t\t<div class=\"elementor-widget-wrap elementor-element-populated\">\n\t\t\t\t\t\t<section class=\"elementor-section elementor-inner-section elementor-element elementor-element-3bf4f7d elementor-section-boxed elementor-section-height-default elementor-section-height-default\" data-id=\"3bf4f7d\" data-element_type=\"section\" data-settings=\"{&quot;_ha_eqh_enable&quot;:false}\">\n\t\t\t\t\t\t<div class=\"elementor-container elementor-column-gap-default\">\n\t\t\t\t\t<div class=\"elementor-column elementor-col-50 elementor-inner-column elementor-element elementor-element-dc81b78\" data-id=\"dc81b78\" data-element_type=\"column\">\n\t\t\t<div class=\"elementor-widget-wrap elementor-element-populated\">\n\t\t\t\t\t\t<div class=\"elementor-element elementor-element-0805298 elementor-widget elementor-widget-heading\" data-id=\"0805298\" data-element_type=\"widget\" data-widget_type=\"heading.default\">\n\t\t\t\t<div class=\"elementor-widget-container\">\n\t\t\t<h4 class=\"elementor-heading-title elementor-size-default\">Vice - Prefeita<\/h4>\t\t<\/div>\n\t\t\t\t<\/div>\n\t\t\t\t<div class=\"elementor-element elementor-element-bafe6d1 elementor-widget-divider--view-line elementor-widget elementor-widget-divider\" data-id=\"bafe6d1\" data-element_type=\"widget\" data-widget_type=\"divider.default\">\n\t\t\t\t<div class=\"elementor-widget-container\">\n\t\t\t\t\t<div class=\"elementor-divider\">\n\t\t\t<span class=\"elementor-divider-separator\">\n\t\t\t\t\t\t<\/span>\n\t\t<\/div>\n\t\t\t\t<\/div>\n\t\t\t\t<\/div>\n\t\t\t\t\t<\/div>\n\t\t<\/div>\n\t\t\t\t<div class=\"elementor-column elementor-col-50 elementor-inner-column elementor-element elementor-element-7ed604a\" data-id=\"7ed604a\" data-element_type=\"column\" data-settings=\"{&quot;background_background&quot;:&quot;classic&quot;}\">\n\t\t\t<div class=\"elementor-widget-wrap\">\n\t\t\t\t\t\t\t<\/div>\n\t\t<\/div>\n\t\t\t\t\t<\/div>\n\t\t<\/section>\n\t\t\t\t<section class=\"elementor-section elementor-inner-section elementor-element elementor-element-30bd6c3 elementor-section-boxed elementor-section-height-default elementor-section-height-default\" data-id=\"30bd6c3\" data-element_type=\"section\" data-settings=\"{&quot;_ha_eqh_enable&quot;:false}\">\n\t\t\t\t\t\t<div class=\"elementor-container elementor-column-gap-default\">\n\t\t\t\t\t<div class=\"elementor-column elementor-col-50 elementor-inner-column elementor-element elementor-element-0506597\" data-id=\"0506597\" data-element_type=\"column\">\n\t\t\t<div class=\"elementor-widget-wrap elementor-element-populated\">\n\t\t\t\t\t\t<div class=\"elementor-element elementor-element-7ff9e1e elementor-widget elementor-widget-text-editor\" data-id=\"7ff9e1e\" data-element_type=\"widget\" data-widget_type=\"text-editor.default\">\n\t\t\t\t<div class=\"elementor-widget-container\">\n\t\t\t\t\t\t\t<p><strong>Vice-Prefeita:<\/strong> Teresinha Lopes Pereira Penteado Pedroso<\/p>\t\t\t\t\t\t<\/div>\n\t\t\t\t<\/div>\n\t\t\t\t<div class=\"elementor-element elementor-element-c25e87c elementor-widget elementor-widget-spacer\" data-id=\"c25e87c\" data-element_type=\"widget\" data-widget_type=\"spacer.default\">\n\t\t\t\t<div class=\"elementor-widget-container\">\n\t\t\t\t\t<div class=\"elementor-spacer\">\n\t\t\t<div class=\"elementor-spacer-inner\"><\/div>\n\t\t<\/div>\n\t\t\t\t<\/div>\n\t\t\t\t<\/div>\n\t\t\t\t<div class=\"elementor-element elementor-element-6e81310 elementor-widget elementor-widget-text-editor\" data-id=\"6e81310\" data-element_type=\"widget\" data-widget_type=\"text-editor.default\">\n\t\t\t\t<div class=\"elementor-widget-container\">\n\t\t\t\t\t\t\t<p><strong>Endere\u00e7o:<\/strong> Av. da Rep\u00fablica, 297 &#8211; Centro &#8211; Santa Isabel &#8211; SP &#8211; 07500-000<\/p><div id=\"acfifjfajpekbmhmjppnmmjgmhjkildl\" class=\"acfifjfajpekbmhmjppnmmjgmhjkildl\">\u00a0<\/div>\t\t\t\t\t\t<\/div>\n\t\t\t\t<\/div>\n\t\t\t\t<div class=\"elementor-element elementor-element-73106b4 elementor-widget elementor-widget-spacer\" data-id=\"73106b4\" data-element_type=\"widget\" data-widget_type=\"spacer.default\">\n\t\t\t\t<div class=\"elementor-widget-container\">\n\t\t\t\t\t<div class=\"elementor-spacer\">\n\t\t\t<div class=\"elementor-spacer-inner\"><\/div>\n\t\t<\/div>\n\t\t\t\t<\/div>\n\t\t\t\t<\/div>\n\t\t\t\t<div class=\"elementor-element elementor-element-c5f3eb3 elementor-widget elementor-widget-text-editor\" data-id=\"c5f3eb3\" data-element_type=\"widget\" data-widget_type=\"text-editor.default\">\n\t\t\t\t<div class=\"elementor-widget-container\">\n\t\t\t\t\t\t\t<p><strong>Telefone:<\/strong> (11) 4656 &#8211; 1000<\/p>\t\t\t\t\t\t<\/div>\n\t\t\t\t<\/div>\n\t\t\t\t<div class=\"elementor-element elementor-element-4f92b86 elementor-widget elementor-widget-text-editor\" data-id=\"4f92b86\" data-element_type=\"widget\" data-widget_type=\"text-editor.default\">\n\t\t\t\t<div class=\"elementor-widget-container\">\n\t\t\t\t\t\t\t<p><strong>Ramais: <\/strong>\u00a04000<\/p>\t\t\t\t\t\t<\/div>\n\t\t\t\t<\/div>\n\t\t\t\t<div class=\"elementor-element elementor-element-b3c89f9 elementor-widget elementor-widget-spacer\" data-id=\"b3c89f9\" data-element_type=\"widget\" data-widget_type=\"spacer.default\">\n\t\t\t\t<div class=\"elementor-widget-container\">\n\t\t\t\t\t<div class=\"elementor-spacer\">\n\t\t\t<div class=\"elementor-spacer-inner\"><\/div>\n\t\t<\/div>\n\t\t\t\t<\/div>\n\t\t\t\t<\/div>\n\t\t\t\t<div class=\"elementor-element elementor-element-c06930a elementor-widget elementor-widget-text-editor\" data-id=\"c06930a\" data-element_type=\"widget\" data-widget_type=\"text-editor.default\">\n\t\t\t\t<div class=\"elementor-widget-container\">\n\t\t\t\t\t\t\t<p><a href=\"mailto:viceprefeito@santaisabel.sp.gov.br\">viceprefeito@santaisabel.sp.gov.br<\/a><\/p><div id=\"acfifjfajpekbmhmjppnmmjgmhjkildl\" class=\"acfifjfajpekbmhmjppnmmjgmhjkildl\">\u00a0<\/div>\t\t\t\t\t\t<\/div>\n\t\t\t\t<\/div>\n\t\t\t\t\t<\/div>\n\t\t<\/div>\n\t\t\t\t<div class=\"elementor-column elementor-col-50 elementor-inner-column elementor-element elementor-element-247e62c\" data-id=\"247e62c\" data-element_type=\"column\" data-settings=\"{&quot;background_background&quot;:&quot;classic&quot;}\">\n\t\t\t<div class=\"elementor-widget-wrap\">\n\t\t\t\t\t\t\t<\/div>\n\t\t<\/div>\n\t\t\t\t\t<\/div>\n\t\t<\/section>\n\t\t\t\t\t<\/div>\n\t\t<\/div>\n\t\t\t\t<div class=\"elementor-column elementor-col-50 elementor-top-column elementor-element elementor-element-9684a8a\" data-id=\"9684a8a\" data-element_type=\"column\">\n\t\t\t<div class=\"elementor-widget-wrap elementor-element-populated\">\n\t\t\t\t\t\t<div class=\"elementor-element elementor-element-f1e0aec elementor-widget elementor-widget-image\" data-id=\"f1e0aec\" data-element_type=\"widget\" data-widget_type=\"image.default\">\n\t\t\t\t<div class=\"elementor-widget-container\">\n\t\t\t\t\t\t\t\t\t\t\t\t\t\t<a href=\"https:\/\/projetos.leadits.com.br\/Pmsi\/wp-content\/uploads\/2023\/02\/VICE-PREFEITA.png\" data-elementor-open-lightbox=\"yes\" data-elementor-lightbox-title=\"VICE PREFEITA\" data-e-action-hash=\"#elementor-action%3Aaction%3Dlightbox%26settings%3DeyJpZCI6MjMxOTIsInVybCI6Imh0dHBzOlwvXC9wcm9qZXRvcy5sZWFkaXRzLmNvbS5iclwvUG1zaVwvd3AtY29udGVudFwvdXBsb2Fkc1wvMjAyM1wvMDJcL1ZJQ0UtUFJFRkVJVEEucG5nIn0%3D\">\n\t\t\t\t\t\t\t<img fetchpriority=\"high\" decoding=\"async\" width=\"200\" height=\"300\" src=\"https:\/\/projetos.leadits.com.br\/Pmsi\/wp-content\/uploads\/2023\/02\/VICE-PREFEITA.png\" class=\"attachment-full size-full wp-image-23192\" alt=\"\" \/>\t\t\t\t\t\t\t\t<\/a>\n\t\t\t\t\t\t\t\t\t\t\t\t\t<\/div>\n\t\t\t\t<\/div>\n\t\t\t\t\t<\/div>\n\t\t<\/div>\n\t\t\t\t\t<\/div>\n\t\t<\/section>\n\t\t\t\t<section class=\"elementor-section elementor-top-section elementor-element elementor-element-eeda971 elementor-section-boxed elementor-section-height-default elementor-section-height-default\" data-id=\"eeda971\" data-element_type=\"section\" data-settings=\"{&quot;_ha_eqh_enable&quot;:false}\">\n\t\t\t\t\t\t<div class=\"elementor-container elementor-column-gap-default\">\n\t\t\t\t\t<div class=\"elementor-column elementor-col-33 elementor-top-column elementor-element elementor-element-0e81ba6\" data-id=\"0e81ba6\" data-element_type=\"column\">\n\t\t\t<div class=\"elementor-widget-wrap\">\n\t\t\t\t\t\t\t<\/div>\n\t\t<\/div>\n\t\t\t\t<div class=\"elementor-column elementor-col-33 elementor-top-column elementor-element elementor-element-7df1897\" data-id=\"7df1897\" data-element_type=\"column\">\n\t\t\t<div class=\"elementor-widget-wrap elementor-element-populated\">\n\t\t\t\t\t\t<div class=\"elementor-element elementor-element-1c58c52 elementor-widget elementor-widget-heading\" data-id=\"1c58c52\" data-element_type=\"widget\" data-widget_type=\"heading.default\">\n\t\t\t\t<div class=\"elementor-widget-container\">\n\t\t\t<h4 class=\"elementor-heading-title elementor-size-default\">Quem \u00e9 Teresinha Lopes Pereira Penteado Pedroso ?<\/h4>\t\t<\/div>\n\t\t\t\t<\/div>\n\t\t\t\t<div class=\"elementor-element elementor-element-241b485 elementor-widget elementor-widget-spacer\" data-id=\"241b485\" data-element_type=\"widget\" data-widget_type=\"spacer.default\">\n\t\t\t\t<div class=\"elementor-widget-container\">\n\t\t\t\t\t<div class=\"elementor-spacer\">\n\t\t\t<div class=\"elementor-spacer-inner\"><\/div>\n\t\t<\/div>\n\t\t\t\t<\/div>\n\t\t\t\t<\/div>\n\t\t\t\t<div class=\"elementor-element elementor-element-b27054c elementor-widget elementor-widget-text-editor\" data-id=\"b27054c\" data-element_type=\"widget\" data-widget_type=\"text-editor.default\">\n\t\t\t\t<div class=\"elementor-widget-container\">\n\t\t\t\t\t\t\t<p>Natural da cidade de Aparecida \u2013 SP, adotou Santa Isabel como sua cidade. \u00c9 casada, tem tr\u00eas filhos e formada em Arquitetura e Urbanismo ha 30 anos onde \u00e9 respons\u00e1vel por in\u00fameras obras arquitet\u00f4nicas e urban\u00edsticas.\u00a0<span style=\"color: var( --e-global-color-text ); font-family: var( --e-global-typography-text-font-family ), Sans-serif; font-weight: var( --e-global-typography-text-font-weight );\">Junto com seus filhos criou a 12 anos o projeto da OSI (Ol\u00edmpicos de Santa Isabel) com o intuito de preparar alunos do munic\u00edpio e regi\u00e3o para olimp\u00edadas cient\u00edficas.<\/span><\/p><p>Popularmente conhecida como \u201cTeresinha Arquiteta\u201d, j\u00e1 atuou como desenhista no setor de cadastro da prefeitura logo no in\u00edcio de sua carreira profissional. Foi vereadora, fiscalizando e promovendo propostas de avan\u00e7o ao munic\u00edpio. Trabalhou na Secretaria de Planejamento, onde deu in\u00edcio a execu\u00e7\u00e3o de diversos projetos e obras como: as novas quadras de esportes; a Esta\u00e7\u00e3o de Tratamento de Esgoto que ser\u00e1 respons\u00e1vel por tratar 100% do esgoto da \u00e1rea central, despoluindo os ribeir\u00f5es que cortam o munic\u00edpio; localizou e implantou a \u00e1rea do transbordo de lixo, modelo e refer\u00eancia no Estado de S\u00e3o Paulo, que veio sanar a crise do lixo em 2014; conquistou o novo Posto de Sa\u00fade da Av. Brasil; articulou e deu in\u00edcio a regulariza\u00e7\u00e3o latifundi\u00e1ria de diversos loteamentos. Vers\u00e1til, na Secretaria de Cultura, agiu humanizando e atraindo p\u00fablico com as exposi\u00e7\u00f5es culturais que geriu dando vida a \u201cSala Santa Isabel\u201d, al\u00e9m de tantos outros feitos.<\/p>\t\t\t\t\t\t<\/div>\n\t\t\t\t<\/div>\n\t\t\t\t<div class=\"elementor-element elementor-element-63b0c27 elementor-widget elementor-widget-text-editor\" data-id=\"63b0c27\" data-element_type=\"widget\" data-widget_type=\"text-editor.default\">\n\t\t\t\t<div class=\"elementor-widget-container\">\n\t\t\t\t\t\t\t<p>Ainda como vereadora, alavancou muitos projetos, contribuiu com emendas parlamentares ao Plano Diretor, concretizou o projeto da \u00e1rvore s\u00edmbolo da cidade, o Jacarand\u00e1, conseguiu aprova\u00e7\u00e3o do Plano Municipal de Turismo e a contempla\u00e7\u00e3o de Santa Isabel como Munic\u00edpio de Interesse Tur\u00edstico (MIT) atraindo recursos financeiros para a \u00e1rea.<\/p><p>Como gera\u00e7\u00e3o de renda criou o projeto das crocheteiras, onde atrav\u00e9s da concep\u00e7\u00e3o de vestu\u00e1rios femininos d\u00e1 oportunidade de renda para mulheres empreenderem.<\/p><p>E tamb\u00e9m vale lembrar as decora\u00e7\u00f5es de Natal e P\u00e1scoa realizadas com materiais recicl\u00e1veis que conscientizaram da import\u00e2ncia da prote\u00e7\u00e3o do meio ambiente retirando cerca de 70 mil garrafas pet\u2019s do lixo.<\/p><p><br \/>O objetivo de seu trabalho est\u00e1 na implanta\u00e7\u00e3o de um planejamento urbano, melhorias no setor de turismo, cultura, educa\u00e7\u00e3o, esportes e meio ambiente, al\u00e9m da intensifica\u00e7\u00e3o de projetos que respeitem o passado cultural de Santa Isabel.<\/p>\t\t\t\t\t\t<\/div>\n\t\t\t\t<\/div>\n\t\t\t\t\t<\/div>\n\t\t<\/div>\n\t\t\t\t<div class=\"elementor-column elementor-col-33 elementor-top-column elementor-element elementor-element-f6abb93\" data-id=\"f6abb93\" data-element_type=\"column\">\n\t\t\t<div class=\"elementor-widget-wrap\">\n\t\t\t\t\t\t\t<\/div>\n\t\t<\/div>\n\t\t\t\t\t<\/div>\n\t\t<\/section>\n\t\t\t\t<\/div>\n\t\t","protected":false},"excerpt":{"rendered":"<p>Vice &#8211; Prefeita Vice-Prefeita: Teresinha Lopes Pereira Penteado Pedroso Endere\u00e7o: Av. da Rep\u00fablica, 297 &#8211; Centro &#8211; Santa Isabel &#8211; SP &#8211; 07500-000 \u00a0 Telefone: (11) 4656 &#8211; 1000 Ramais: \u00a04000 viceprefeito@santaisabel.sp.gov.br \u00a0 Quem \u00e9 Teresinha Lopes Pereira Penteado Pedroso ? Natural da cidade de Aparecida \u2013 SP, adotou Santa Isabel como sua cidade. \u00c9 &#8230; <a title=\"VICE &#8211; PREFEITA\" class=\"read-more\" href=\"https:\/\/projetos.leadits.com.br\/Pmsi\/vice-prefeita\/\" aria-label=\"Read more about VICE &#8211; PREFEITA\">Ler mais<\/a><\/p>\n","protected":false},"author":1,"featured_media":0,"parent":0,"menu_order":0,"comment_status":"closed","ping_status":"closed","template":"","meta":{"inline_featured_image":false,"footnotes":""},"folder":[32],"class_list":["post-23185","page","type-page","status-publish"],"_links":{"self":[{"href":"https:\/\/projetos.leadits.com.br\/Pmsi\/wp-json\/wp\/v2\/pages\/23185"}],"collection":[{"href":"https:\/\/projetos.leadits.com.br\/Pmsi\/wp-json\/wp\/v2\/pages"}],"about":[{"href":"https:\/\/projetos.leadits.com.br\/Pmsi\/wp-json\/wp\/v2\/types\/page"}],"author":[{"embeddable":true,"href":"https:\/\/projetos.leadits.com.br\/Pmsi\/wp-json\/wp\/v2\/users\/1"}],"replies":[{"embeddable":true,"href":"https:\/\/projetos.leadits.com.br\/Pmsi\/wp-json\/wp\/v2\/comments?post=23185"}],"version-history":[{"count":22,"href":"https:\/\/projetos.leadits.com.br\/Pmsi\/wp-json\/wp\/v2\/pages\/23185\/revisions"}],"predecessor-version":[{"id":23436,"href":"https:\/\/projetos.leadits.com.br\/Pmsi\/wp-json\/wp\/v2\/pages\/23185\/revisions\/23436"}],"wp:attachment":[{"href":"https:\/\/projetos.leadits.com.br\/Pmsi\/wp-json\/wp\/v2\/media?parent=23185"}],"wp:term":[{"taxonomy":"folder","embeddable":true,"href":"https:\/\/projetos.leadits.com.br\/Pmsi\/wp-json\/wp\/v2\/folder?post=23185"}],"curies":[{"name":"wp","href":"https:\/\/api.w.org\/{rel}","templated":true}]}}