{"id":23261,"date":"2023-02-20T16:56:20","date_gmt":"2023-02-20T19:56:20","guid":{"rendered":"https:\/\/projetos.leadits.com.br\/Pmsi\/?page_id=23261"},"modified":"2023-02-20T17:38:10","modified_gmt":"2023-02-20T20:38:10","slug":"cac-central-de-atendimento-creche","status":"publish","type":"page","link":"https:\/\/projetos.leadits.com.br\/Pmsi\/cac-central-de-atendimento-creche\/","title":{"rendered":"CAC &#8211; CENTRAL DE ATENDIMENTO CRECHE"},"content":{"rendered":"\t\t<div data-elementor-type=\"wp-page\" data-elementor-id=\"23261\" class=\"elementor elementor-23261\">\n\t\t\t\t\t\t<section class=\"elementor-section elementor-top-section elementor-element elementor-element-2f5e594 elementor-section-full_width elementor-section-height-default elementor-section-height-default\" data-id=\"2f5e594\" data-element_type=\"section\" data-settings=\"{&quot;_ha_eqh_enable&quot;:false}\">\n\t\t\t\t\t\t<div class=\"elementor-container elementor-column-gap-default\">\n\t\t\t\t\t<div class=\"elementor-column elementor-col-50 elementor-top-column elementor-element elementor-element-dec3b85\" data-id=\"dec3b85\" data-element_type=\"column\">\n\t\t\t<div class=\"elementor-widget-wrap elementor-element-populated\">\n\t\t\t\t\t\t<section class=\"elementor-section elementor-inner-section elementor-element elementor-element-3bf4f7d elementor-section-boxed elementor-section-height-default elementor-section-height-default\" data-id=\"3bf4f7d\" data-element_type=\"section\" data-settings=\"{&quot;_ha_eqh_enable&quot;:false}\">\n\t\t\t\t\t\t<div class=\"elementor-container elementor-column-gap-default\">\n\t\t\t\t\t<div class=\"elementor-column elementor-col-50 elementor-inner-column elementor-element elementor-element-dc81b78\" data-id=\"dc81b78\" data-element_type=\"column\">\n\t\t\t<div class=\"elementor-widget-wrap elementor-element-populated\">\n\t\t\t\t\t\t<div class=\"elementor-element elementor-element-0805298 elementor-widget elementor-widget-heading\" data-id=\"0805298\" data-element_type=\"widget\" data-widget_type=\"heading.default\">\n\t\t\t\t<div class=\"elementor-widget-container\">\n\t\t\t<h4 class=\"elementor-heading-title elementor-size-default\">CAC - CENTRAL DE ATENDIMENTO CRECHE<\/h4>\t\t<\/div>\n\t\t\t\t<\/div>\n\t\t\t\t<div class=\"elementor-element elementor-element-bafe6d1 elementor-widget-divider--view-line elementor-widget elementor-widget-divider\" data-id=\"bafe6d1\" data-element_type=\"widget\" data-widget_type=\"divider.default\">\n\t\t\t\t<div class=\"elementor-widget-container\">\n\t\t\t\t\t<div class=\"elementor-divider\">\n\t\t\t<span class=\"elementor-divider-separator\">\n\t\t\t\t\t\t<\/span>\n\t\t<\/div>\n\t\t\t\t<\/div>\n\t\t\t\t<\/div>\n\t\t\t\t\t<\/div>\n\t\t<\/div>\n\t\t\t\t<div class=\"elementor-column elementor-col-50 elementor-inner-column elementor-element elementor-element-7ed604a\" data-id=\"7ed604a\" data-element_type=\"column\" data-settings=\"{&quot;background_background&quot;:&quot;classic&quot;}\">\n\t\t\t<div class=\"elementor-widget-wrap\">\n\t\t\t\t\t\t\t<\/div>\n\t\t<\/div>\n\t\t\t\t\t<\/div>\n\t\t<\/section>\n\t\t\t\t<section class=\"elementor-section elementor-inner-section elementor-element elementor-element-30bd6c3 elementor-section-boxed elementor-section-height-default elementor-section-height-default\" data-id=\"30bd6c3\" data-element_type=\"section\" data-settings=\"{&quot;_ha_eqh_enable&quot;:false}\">\n\t\t\t\t\t\t<div class=\"elementor-container elementor-column-gap-default\">\n\t\t\t\t\t<div class=\"elementor-column elementor-col-50 elementor-inner-column elementor-element elementor-element-0506597\" data-id=\"0506597\" data-element_type=\"column\">\n\t\t\t<div class=\"elementor-widget-wrap elementor-element-populated\">\n\t\t\t\t\t\t<div class=\"elementor-element elementor-element-7ff9e1e elementor-widget elementor-widget-text-editor\" data-id=\"7ff9e1e\" data-element_type=\"widget\" data-widget_type=\"text-editor.default\">\n\t\t\t\t<div class=\"elementor-widget-container\">\n\t\t\t\t\t\t\t<p><strong>Para maiores informa\u00e7\u00f5es:<\/strong><\/p>\t\t\t\t\t\t<\/div>\n\t\t\t\t<\/div>\n\t\t\t\t<div class=\"elementor-element elementor-element-0cb30dd elementor-widget elementor-widget-spacer\" data-id=\"0cb30dd\" data-element_type=\"widget\" data-widget_type=\"spacer.default\">\n\t\t\t\t<div class=\"elementor-widget-container\">\n\t\t\t\t\t<div class=\"elementor-spacer\">\n\t\t\t<div class=\"elementor-spacer-inner\"><\/div>\n\t\t<\/div>\n\t\t\t\t<\/div>\n\t\t\t\t<\/div>\n\t\t\t\t<div class=\"elementor-element elementor-element-6e81310 elementor-widget elementor-widget-text-editor\" data-id=\"6e81310\" data-element_type=\"widget\" data-widget_type=\"text-editor.default\">\n\t\t\t\t<div class=\"elementor-widget-container\">\n\t\t\t\t\t\t\t<p><strong>Endere\u00e7o:<\/strong> Rua C\u00f4nego Bicudo, 179 \u2013 Centro \u2013 Santa Isabel \u2013 SP \u2013 CEP 07500-000<\/p>\t\t\t\t\t\t<\/div>\n\t\t\t\t<\/div>\n\t\t\t\t<div class=\"elementor-element elementor-element-73106b4 elementor-widget elementor-widget-spacer\" data-id=\"73106b4\" data-element_type=\"widget\" data-widget_type=\"spacer.default\">\n\t\t\t\t<div class=\"elementor-widget-container\">\n\t\t\t\t\t<div class=\"elementor-spacer\">\n\t\t\t<div class=\"elementor-spacer-inner\"><\/div>\n\t\t<\/div>\n\t\t\t\t<\/div>\n\t\t\t\t<\/div>\n\t\t\t\t<div class=\"elementor-element elementor-element-c5f3eb3 elementor-widget elementor-widget-text-editor\" data-id=\"c5f3eb3\" data-element_type=\"widget\" data-widget_type=\"text-editor.default\">\n\t\t\t\t<div class=\"elementor-widget-container\">\n\t\t\t\t\t\t\t<p><strong>Telefone: <\/strong>(11) 4657-3486<\/p>\t\t\t\t\t\t<\/div>\n\t\t\t\t<\/div>\n\t\t\t\t<div class=\"elementor-element elementor-element-b3c89f9 elementor-widget elementor-widget-spacer\" data-id=\"b3c89f9\" data-element_type=\"widget\" data-widget_type=\"spacer.default\">\n\t\t\t\t<div class=\"elementor-widget-container\">\n\t\t\t\t\t<div class=\"elementor-spacer\">\n\t\t\t<div class=\"elementor-spacer-inner\"><\/div>\n\t\t<\/div>\n\t\t\t\t<\/div>\n\t\t\t\t<\/div>\n\t\t\t\t\t<\/div>\n\t\t<\/div>\n\t\t\t\t<div class=\"elementor-column elementor-col-50 elementor-inner-column elementor-element elementor-element-247e62c\" data-id=\"247e62c\" data-element_type=\"column\" data-settings=\"{&quot;background_background&quot;:&quot;classic&quot;}\">\n\t\t\t<div class=\"elementor-widget-wrap\">\n\t\t\t\t\t\t\t<\/div>\n\t\t<\/div>\n\t\t\t\t\t<\/div>\n\t\t<\/section>\n\t\t\t\t<section class=\"elementor-section elementor-inner-section elementor-element elementor-element-1cc2672 elementor-section-boxed elementor-section-height-default elementor-section-height-default\" data-id=\"1cc2672\" data-element_type=\"section\" data-settings=\"{&quot;_ha_eqh_enable&quot;:false}\">\n\t\t\t\t\t\t<div class=\"elementor-container elementor-column-gap-default\">\n\t\t\t\t\t<div class=\"elementor-column elementor-col-50 elementor-inner-column elementor-element elementor-element-6cc4892\" data-id=\"6cc4892\" data-element_type=\"column\">\n\t\t\t<div class=\"elementor-widget-wrap elementor-element-populated\">\n\t\t\t\t\t\t<div class=\"elementor-element elementor-element-f6b2e50 elementor-widget elementor-widget-text-editor\" data-id=\"f6b2e50\" data-element_type=\"widget\" data-widget_type=\"text-editor.default\">\n\t\t\t\t<div class=\"elementor-widget-container\">\n\t\t\t\t\t\t\t<p><strong>Para vagas na creche consulte:<\/strong><\/p>\t\t\t\t\t\t<\/div>\n\t\t\t\t<\/div>\n\t\t\t\t<div class=\"elementor-element elementor-element-fecf945 elementor-position-top elementor-widget elementor-widget-image-box\" data-id=\"fecf945\" data-element_type=\"widget\" data-widget_type=\"image-box.default\">\n\t\t\t\t<div class=\"elementor-widget-container\">\n\t\t\t<div class=\"elementor-image-box-wrapper\"><figure class=\"elementor-image-box-img\"><a href=\"https:\/\/projetos.leadits.com.br\/Pmsi\/wp-content\/uploads\/2023\/02\/Lista-Aguardando-Vaga.pdf\" target=\"_blank\" tabindex=\"-1\"><img fetchpriority=\"high\" decoding=\"async\" width=\"512\" height=\"512\" src=\"https:\/\/projetos.leadits.com.br\/Pmsi\/wp-content\/uploads\/2023\/02\/creche.png\" class=\"attachment-full size-full wp-image-23272\" alt=\"\" srcset=\"https:\/\/projetos.leadits.com.br\/Pmsi\/wp-content\/uploads\/2023\/02\/creche.png 512w, https:\/\/projetos.leadits.com.br\/Pmsi\/wp-content\/uploads\/2023\/02\/creche-300x300.png 300w, https:\/\/projetos.leadits.com.br\/Pmsi\/wp-content\/uploads\/2023\/02\/creche-150x150.png 150w\" sizes=\"(max-width: 512px) 100vw, 512px\" \/><\/a><\/figure><div class=\"elementor-image-box-content\"><h4 class=\"elementor-image-box-title\"><a href=\"https:\/\/projetos.leadits.com.br\/Pmsi\/wp-content\/uploads\/2023\/02\/Lista-Aguardando-Vaga.pdf\" target=\"_blank\">Vagas na creche<\/a><\/h4><\/div><\/div>\t\t<\/div>\n\t\t\t\t<\/div>\n\t\t\t\t\t<\/div>\n\t\t<\/div>\n\t\t\t\t<div class=\"elementor-column elementor-col-50 elementor-inner-column elementor-element elementor-element-0add3f8\" data-id=\"0add3f8\" data-element_type=\"column\" data-settings=\"{&quot;background_background&quot;:&quot;classic&quot;}\">\n\t\t\t<div class=\"elementor-widget-wrap\">\n\t\t\t\t\t\t\t<\/div>\n\t\t<\/div>\n\t\t\t\t\t<\/div>\n\t\t<\/section>\n\t\t\t\t\t<\/div>\n\t\t<\/div>\n\t\t\t\t<div class=\"elementor-column elementor-col-50 elementor-top-column elementor-element elementor-element-9684a8a\" data-id=\"9684a8a\" data-element_type=\"column\">\n\t\t\t<div class=\"elementor-widget-wrap elementor-element-populated\">\n\t\t\t\t\t\t<div class=\"elementor-element elementor-element-6bfaea2 elementor-widget elementor-widget-spacer\" data-id=\"6bfaea2\" data-element_type=\"widget\" data-widget_type=\"spacer.default\">\n\t\t\t\t<div class=\"elementor-widget-container\">\n\t\t\t\t\t<div class=\"elementor-spacer\">\n\t\t\t<div class=\"elementor-spacer-inner\"><\/div>\n\t\t<\/div>\n\t\t\t\t<\/div>\n\t\t\t\t<\/div>\n\t\t\t\t<div class=\"elementor-element elementor-element-9f8d279 elementor-widget elementor-widget-image\" data-id=\"9f8d279\" data-element_type=\"widget\" data-widget_type=\"image.default\">\n\t\t\t\t<div class=\"elementor-widget-container\">\n\t\t\t\t\t\t\t\t\t\t\t\t\t<img decoding=\"async\" width=\"2000\" height=\"2000\" src=\"https:\/\/projetos.leadits.com.br\/Pmsi\/wp-content\/uploads\/2023\/02\/BANNER-CAC.png\" class=\"attachment-full size-full wp-image-23264\" alt=\"\" srcset=\"https:\/\/projetos.leadits.com.br\/Pmsi\/wp-content\/uploads\/2023\/02\/BANNER-CAC.png 2000w, https:\/\/projetos.leadits.com.br\/Pmsi\/wp-content\/uploads\/2023\/02\/BANNER-CAC-300x300.png 300w, https:\/\/projetos.leadits.com.br\/Pmsi\/wp-content\/uploads\/2023\/02\/BANNER-CAC-1024x1024.png 1024w, https:\/\/projetos.leadits.com.br\/Pmsi\/wp-content\/uploads\/2023\/02\/BANNER-CAC-150x150.png 150w, https:\/\/projetos.leadits.com.br\/Pmsi\/wp-content\/uploads\/2023\/02\/BANNER-CAC-768x768.png 768w, https:\/\/projetos.leadits.com.br\/Pmsi\/wp-content\/uploads\/2023\/02\/BANNER-CAC-1536x1536.png 1536w\" sizes=\"(max-width: 2000px) 100vw, 2000px\" \/>\t\t\t\t\t\t\t\t\t\t\t\t\t<\/div>\n\t\t\t\t<\/div>\n\t\t\t\t\t<\/div>\n\t\t<\/div>\n\t\t\t\t\t<\/div>\n\t\t<\/section>\n\t\t\t\t<\/div>\n\t\t","protected":false},"excerpt":{"rendered":"<p>CAC &#8211; CENTRAL DE ATENDIMENTO CRECHE Para maiores informa\u00e7\u00f5es: Endere\u00e7o: Rua C\u00f4nego Bicudo, 179 \u2013 Centro \u2013 Santa Isabel \u2013 SP \u2013 CEP 07500-000 Telefone: (11) 4657-3486 Para vagas na creche consulte: Vagas na creche<\/p>\n","protected":false},"author":1,"featured_media":0,"parent":0,"menu_order":0,"comment_status":"closed","ping_status":"closed","template":"","meta":{"inline_featured_image":false,"footnotes":""},"folder":[33],"class_list":["post-23261","page","type-page","status-publish"],"_links":{"self":[{"href":"https:\/\/projetos.leadits.com.br\/Pmsi\/wp-json\/wp\/v2\/pages\/23261"}],"collection":[{"href":"https:\/\/projetos.leadits.com.br\/Pmsi\/wp-json\/wp\/v2\/pages"}],"about":[{"href":"https:\/\/projetos.leadits.com.br\/Pmsi\/wp-json\/wp\/v2\/types\/page"}],"author":[{"embeddable":true,"href":"https:\/\/projetos.leadits.com.br\/Pmsi\/wp-json\/wp\/v2\/users\/1"}],"replies":[{"embeddable":true,"href":"https:\/\/projetos.leadits.com.br\/Pmsi\/wp-json\/wp\/v2\/comments?post=23261"}],"version-history":[{"count":22,"href":"https:\/\/projetos.leadits.com.br\/Pmsi\/wp-json\/wp\/v2\/pages\/23261\/revisions"}],"predecessor-version":[{"id":23288,"href":"https:\/\/projetos.leadits.com.br\/Pmsi\/wp-json\/wp\/v2\/pages\/23261\/revisions\/23288"}],"wp:attachment":[{"href":"https:\/\/projetos.leadits.com.br\/Pmsi\/wp-json\/wp\/v2\/media?parent=23261"}],"wp:term":[{"taxonomy":"folder","embeddable":true,"href":"https:\/\/projetos.leadits.com.br\/Pmsi\/wp-json\/wp\/v2\/folder?post=23261"}],"curies":[{"name":"wp","href":"https:\/\/api.w.org\/{rel}","templated":true}]}}