{"id":23390,"date":"2023-07-04T12:52:54","date_gmt":"2023-07-04T15:52:54","guid":{"rendered":"https:\/\/projetos.leadits.com.br\/Pmsi\/?page_id=23390"},"modified":"2024-01-24T13:37:40","modified_gmt":"2024-01-24T16:37:40","slug":"noticias","status":"publish","type":"page","link":"https:\/\/projetos.leadits.com.br\/Pmsi\/noticias\/","title":{"rendered":"NOT\u00cdCIAS"},"content":{"rendered":"\t\t<div data-elementor-type=\"wp-page\" data-elementor-id=\"23390\" class=\"elementor elementor-23390\">\n\t\t\t\t\t\t<section class=\"elementor-section elementor-top-section elementor-element elementor-element-e5e5596 elementor-section-full_width elementor-section-height-default elementor-section-height-default\" data-id=\"e5e5596\" data-element_type=\"section\" data-settings=\"{&quot;_ha_eqh_enable&quot;:false}\">\n\t\t\t\t\t\t<div class=\"elementor-container elementor-column-gap-default\">\n\t\t\t\t\t<div class=\"elementor-column elementor-col-100 elementor-top-column elementor-element elementor-element-06b3cfd\" data-id=\"06b3cfd\" data-element_type=\"column\">\n\t\t\t<div class=\"elementor-widget-wrap elementor-element-populated\">\n\t\t\t\t\t\t<div class=\"elementor-element elementor-element-ac397a9 blfe-posts-align-left elementor-widget elementor-widget-blfe-post-list\" data-id=\"ac397a9\" data-element_type=\"widget\" data-settings=\"{&quot;columns&quot;:&quot;6&quot;,&quot;columns_tablet&quot;:&quot;6&quot;,&quot;columns_mobile&quot;:&quot;12&quot;,&quot;classic2_layout_column_gap&quot;:{&quot;unit&quot;:&quot;px&quot;,&quot;size&quot;:30,&quot;sizes&quot;:[]},&quot;classic2_layout_column_gap_tablet&quot;:{&quot;unit&quot;:&quot;px&quot;,&quot;size&quot;:&quot;&quot;,&quot;sizes&quot;:[]},&quot;classic2_layout_column_gap_mobile&quot;:{&quot;unit&quot;:&quot;px&quot;,&quot;size&quot;:&quot;&quot;,&quot;sizes&quot;:[]},&quot;classic2_layout_row_gap&quot;:{&quot;unit&quot;:&quot;px&quot;,&quot;size&quot;:30,&quot;sizes&quot;:[]},&quot;classic2_layout_row_gap_tablet&quot;:{&quot;unit&quot;:&quot;px&quot;,&quot;size&quot;:&quot;&quot;,&quot;sizes&quot;:[]},&quot;classic2_layout_row_gap_mobile&quot;:{&quot;unit&quot;:&quot;px&quot;,&quot;size&quot;:&quot;&quot;,&quot;sizes&quot;:[]}}\" data-widget_type=\"blfe-post-list.classic2\">\n\t\t\t\t<div class=\"elementor-widget-container\">\n\t\t\t\n            <div class=\"blfe-post-header blfe-post-header-has-no-filter blfe-post-header-style_1\">\n                <div class=\"blfe-post-header-title\">&lt;h3 class=&quot;blfe-post-header-title-inner&quot;&gt;&lt;a &gt;\u00daLTIMAS NOT\u00cdCIAS&lt;\/a&gt;&lt;\/h3&gt;<\/div>            <\/div>\n\n            \n            <div class=\"blfe-post-list-container blfe-active-post-loader\">\n                <div data-skin=\"classic2\" class=\"blfe-classic2 blfe-row blfe-posts-inner blfe-col-6 blfe-col-tab-6 blfe-col-mob-12   \">\n                            <div class=\"blfe-post-list-item  \">\n            <span class=\"blfe-post-category\"><a href=\"https:\/\/projetos.leadits.com.br\/Pmsi\/category\/comunicados\/\">Comunicados<\/a><\/span><div class=\"blfe-post-image-wrapper\"><a class=\"blfe-post-list-image\" href=\"https:\/\/projetos.leadits.com.br\/Pmsi\/abre-e-fecha-prefeitura-municipal-de-santa-isabel-carnaval-2021\/\" title=\"Abre e Fecha Prefeitura Municipal de Santa Isabel &#8211; CARNAVAL 2021\" rel=\"nofollow\" target=\"_blank\"><span style=\"background-image: url(https:\/\/projetos.leadits.com.br\/Pmsi\/wp-content\/uploads\/2021\/02\/WhatsApp-Image-2021-02-12-at-17.40.12-300x180-1.jpeg)\"><\/span><\/a><\/div>            <div class=\"blfe-post-list-details\">\n                <h3 class=\"blfe-post-list-title\">\n            <a href=\"https:\/\/projetos.leadits.com.br\/Pmsi\/abre-e-fecha-prefeitura-municipal-de-santa-isabel-carnaval-2021\/\" title=\"Abre e Fecha Prefeitura Municipal de Santa Isabel &#8211; CARNAVAL 2021\" rel=\"nofollow\" target=\"_blank\">Abre e Fecha Prefeitura Municipal de Santa Isabel &#8211; CARNAVAL 2021<\/a>\n            <\/h3>                        <div class=\"blfe-post-list-meta\">\n            <span class=\"blfe-post-list-date\"><i class=\"fa fa-calendar-alt far fa-calendar-alt\"><\/i>12 de fevereiro de 2021<\/span>                <div class=\"blfe-post-meta-dot\"><\/div>\n                        <\/div>\n                                                    <\/div>\n        <\/div>\n                <div class=\"blfe-post-list-item  \">\n            <span class=\"blfe-post-category\"><a href=\"https:\/\/projetos.leadits.com.br\/Pmsi\/category\/comunicados\/\">Comunicados<\/a><\/span><div class=\"blfe-post-image-wrapper\"><a class=\"blfe-post-list-image\" href=\"https:\/\/projetos.leadits.com.br\/Pmsi\/santa-isabel-autoriza-o-funcionamento-do-comercio-no-final-de-semana\/\" title=\"SANTA ISABEL AUTORIZA O FUNCIONAMENTO DO COM\u00c9RCIO NO FINAL DE SEMANA\" rel=\"nofollow\" target=\"_blank\"><span style=\"background-image: url(https:\/\/projetos.leadits.com.br\/Pmsi\/wp-content\/uploads\/2021\/02\/fase-amarela3-800x800-1.jpeg)\"><\/span><\/a><\/div>            <div class=\"blfe-post-list-details\">\n                <h3 class=\"blfe-post-list-title\">\n            <a href=\"https:\/\/projetos.leadits.com.br\/Pmsi\/santa-isabel-autoriza-o-funcionamento-do-comercio-no-final-de-semana\/\" title=\"SANTA ISABEL AUTORIZA O FUNCIONAMENTO DO COM\u00c9RCIO NO FINAL DE SEMANA\" rel=\"nofollow\" target=\"_blank\">SANTA ISABEL AUTORIZA O FUNCIONAMENTO DO COM\u00c9RCIO NO FINAL DE SEMANA<\/a>\n            <\/h3>                        <div class=\"blfe-post-list-meta\">\n            <span class=\"blfe-post-list-date\"><i class=\"fa fa-calendar-alt far fa-calendar-alt\"><\/i>8 de fevereiro de 2021<\/span>                <div class=\"blfe-post-meta-dot\"><\/div>\n                        <\/div>\n                                                    <\/div>\n        <\/div>\n                <div class=\"blfe-post-list-item  \">\n            <span class=\"blfe-post-category\"><a href=\"https:\/\/projetos.leadits.com.br\/Pmsi\/category\/comunicados\/\">Comunicados<\/a><\/span><div class=\"blfe-post-image-wrapper\"><a class=\"blfe-post-list-image\" href=\"https:\/\/projetos.leadits.com.br\/Pmsi\/santa-isabel-oferece-curso-para-produzir-e-vender-ovos-de-pascoa\/\" title=\"SANTA ISABEL OFERECE CURSO PARA PRODUZIR E VENDER OVOS DE P\u00c1SCOA\" rel=\"nofollow\" target=\"_blank\"><span style=\"background-image: url(https:\/\/projetos.leadits.com.br\/Pmsi\/wp-content\/uploads\/2021\/02\/arte-curso-300x300-1.jpeg)\"><\/span><\/a><\/div>            <div class=\"blfe-post-list-details\">\n                <h3 class=\"blfe-post-list-title\">\n            <a href=\"https:\/\/projetos.leadits.com.br\/Pmsi\/santa-isabel-oferece-curso-para-produzir-e-vender-ovos-de-pascoa\/\" title=\"SANTA ISABEL OFERECE CURSO PARA PRODUZIR E VENDER OVOS DE P\u00c1SCOA\" rel=\"nofollow\" target=\"_blank\">SANTA ISABEL OFERECE CURSO PARA PRODUZIR E VENDER OVOS DE P\u00c1SCOA<\/a>\n            <\/h3>                        <div class=\"blfe-post-list-meta\">\n            <span class=\"blfe-post-list-date\"><i class=\"fa fa-calendar-alt far fa-calendar-alt\"><\/i>8 de fevereiro de 2021<\/span>                <div class=\"blfe-post-meta-dot\"><\/div>\n                        <\/div>\n                                                    <\/div>\n        <\/div>\n                <div class=\"blfe-post-list-item  \">\n            <span class=\"blfe-post-category\"><a href=\"https:\/\/projetos.leadits.com.br\/Pmsi\/category\/comunicados\/\">Comunicados<\/a><\/span><div class=\"blfe-post-image-wrapper\"><a class=\"blfe-post-list-image\" href=\"https:\/\/projetos.leadits.com.br\/Pmsi\/ccr-novadutra-libera-acesso-ao-bairro-cachoeira-apos-notificacao-da-prefeitura\/\" title=\"CCR NOVADUTRA LIBERA ACESSO AO BAIRRO CACHOEIRA AP\u00d3S NOTIFICA\u00c7\u00c3O DA PREFEITURA\" rel=\"nofollow\" target=\"_blank\"><span style=\"background-image: url(https:\/\/projetos.leadits.com.br\/Pmsi\/wp-content\/uploads\/2021\/02\/ccr2-300x225-1.jpeg)\"><\/span><\/a><\/div>            <div class=\"blfe-post-list-details\">\n                <h3 class=\"blfe-post-list-title\">\n            <a href=\"https:\/\/projetos.leadits.com.br\/Pmsi\/ccr-novadutra-libera-acesso-ao-bairro-cachoeira-apos-notificacao-da-prefeitura\/\" title=\"CCR NOVADUTRA LIBERA ACESSO AO BAIRRO CACHOEIRA AP\u00d3S NOTIFICA\u00c7\u00c3O DA PREFEITURA\" rel=\"nofollow\" target=\"_blank\">CCR NOVADUTRA LIBERA ACESSO AO BAIRRO CACHOEIRA AP\u00d3S NOTIFICA\u00c7\u00c3O DA PREFEITURA<\/a>\n            <\/h3>                        <div class=\"blfe-post-list-meta\">\n            <span class=\"blfe-post-list-date\"><i class=\"fa fa-calendar-alt far fa-calendar-alt\"><\/i>5 de fevereiro de 2021<\/span>                <div class=\"blfe-post-meta-dot\"><\/div>\n                        <\/div>\n                                                    <\/div>\n        <\/div>\n                <div class=\"blfe-post-list-item  \">\n            <span class=\"blfe-post-category\"><a href=\"https:\/\/projetos.leadits.com.br\/Pmsi\/category\/comunicados\/\">Comunicados<\/a><\/span><div class=\"blfe-post-image-wrapper\"><a class=\"blfe-post-list-image\" href=\"https:\/\/projetos.leadits.com.br\/Pmsi\/santa-isabel-inicia-vacinacao-de-idosos-contra-a-covid-19\/\" title=\"SANTA ISABEL INICIA VACINA\u00c7\u00c3O DE IDOSOS CONTRA A COVID-19\" rel=\"nofollow\" target=\"_blank\"><span style=\"background-image: url(https:\/\/projetos.leadits.com.br\/Pmsi\/wp-content\/plugins\/elementor\/assets\/images\/placeholder.png)\"><\/span><\/a><\/div>            <div class=\"blfe-post-list-details\">\n                <h3 class=\"blfe-post-list-title\">\n            <a href=\"https:\/\/projetos.leadits.com.br\/Pmsi\/santa-isabel-inicia-vacinacao-de-idosos-contra-a-covid-19\/\" title=\"SANTA ISABEL INICIA VACINA\u00c7\u00c3O DE IDOSOS CONTRA A COVID-19\" rel=\"nofollow\" target=\"_blank\">SANTA ISABEL INICIA VACINA\u00c7\u00c3O DE IDOSOS CONTRA A COVID-19<\/a>\n            <\/h3>                        <div class=\"blfe-post-list-meta\">\n            <span class=\"blfe-post-list-date\"><i class=\"fa fa-calendar-alt far fa-calendar-alt\"><\/i>5 de fevereiro de 2021<\/span>                <div class=\"blfe-post-meta-dot\"><\/div>\n                        <\/div>\n                                                    <\/div>\n        <\/div>\n                <div class=\"blfe-post-list-item  \">\n            <span class=\"blfe-post-category\"><a href=\"https:\/\/projetos.leadits.com.br\/Pmsi\/category\/comunicados\/\">Comunicados<\/a><\/span><div class=\"blfe-post-image-wrapper\"><a class=\"blfe-post-list-image\" href=\"https:\/\/projetos.leadits.com.br\/Pmsi\/santa-isabel-oferece-oficina-de-desenho\/\" title=\"SANTA ISABEL OFERECE OFICINA DE DESENHO\" rel=\"nofollow\" target=\"_blank\"><span style=\"background-image: url(https:\/\/projetos.leadits.com.br\/Pmsi\/wp-content\/uploads\/2021\/02\/WhatsApp-Image-2021-02-02-at-17.28.11-300x300-1.jpeg)\"><\/span><\/a><\/div>            <div class=\"blfe-post-list-details\">\n                <h3 class=\"blfe-post-list-title\">\n            <a href=\"https:\/\/projetos.leadits.com.br\/Pmsi\/santa-isabel-oferece-oficina-de-desenho\/\" title=\"SANTA ISABEL OFERECE OFICINA DE DESENHO\" rel=\"nofollow\" target=\"_blank\">SANTA ISABEL OFERECE OFICINA DE DESENHO<\/a>\n            <\/h3>                        <div class=\"blfe-post-list-meta\">\n            <span class=\"blfe-post-list-date\"><i class=\"fa fa-calendar-alt far fa-calendar-alt\"><\/i>2 de fevereiro de 2021<\/span>                <div class=\"blfe-post-meta-dot\"><\/div>\n                        <\/div>\n                                                    <\/div>\n        <\/div>\n                        <\/div>\n            <\/div>\n\n                        <div class=\"blfe-post-footer\">\n                \n                        <nav class=\"blfe-grid-pagination\" role=\"navigation\" aria-label=\"Pagination\" data-total=\"2\">\n                <span aria-current=\"page\" class=\"page-numbers current\">1<\/span>\n<a class=\"page-numbers\" href=\"https:\/\/projetos.leadits.com.br\/Pmsi\/wp-json\/wp\/v2\/pages\/23390\/page\/2\/\">2<\/a>\n<a class=\"next page-numbers\" href=\"https:\/\/projetos.leadits.com.br\/Pmsi\/wp-json\/wp\/v2\/pages\/23390\/page\/2\/\">Pr\u00f3ximo &raquo;<\/a>            <\/nav>\n            \n            \n\n            \n                        <\/div>\n            \t\t<\/div>\n\t\t\t\t<\/div>\n\t\t\t\t\t<\/div>\n\t\t<\/div>\n\t\t\t\t\t<\/div>\n\t\t<\/section>\n\t\t\t\t<section class=\"elementor-section elementor-top-section elementor-element elementor-element-7fcc240 elementor-section-full_width elementor-section-height-default elementor-section-height-default\" data-id=\"7fcc240\" data-element_type=\"section\" data-settings=\"{&quot;_ha_eqh_enable&quot;:false}\">\n\t\t\t\t\t\t<div class=\"elementor-container elementor-column-gap-default\">\n\t\t\t\t\t<div class=\"elementor-column elementor-col-100 elementor-top-column elementor-element elementor-element-4949180\" data-id=\"4949180\" data-element_type=\"column\">\n\t\t\t<div class=\"elementor-widget-wrap elementor-element-populated\">\n\t\t\t\t\t\t<div class=\"elementor-element elementor-element-bc2afe9 elementor-widget elementor-widget-ha-post-tab happy-addon ha-post-tab\" data-id=\"bc2afe9\" data-element_type=\"widget\" data-widget_type=\"ha-post-tab.default\">\n\t\t\t\t<div class=\"elementor-widget-container\">\n\t\t\t\t\t\t<div class=\"ha-post-tab ha-post-tab-top ha-post-tab-grid- ha-post-tab-grid-tablet-3 ha-post-tab-grid-mobile-1\" data-query-args=\"{&quot;post_type&quot;:&quot;post&quot;,&quot;taxonomy&quot;:&quot;category&quot;,&quot;item_limit&quot;:3,&quot;orderby&quot;:&quot;date&quot;,&quot;order&quot;:&quot;desc&quot;,&quot;show_user_meta&quot;:&quot;yes&quot;,&quot;show_date_meta&quot;:&quot;yes&quot;,&quot;excerpt&quot;:&quot;no&quot;,&quot;title_tag&quot;:&quot;h2&quot;}\" data-event=\"click\">\n\t\t\t\t<ul class=\"ha-post-tab-filter ha-text--center\">\n\t\t\t\t\t\t\t\t\t\t\t\t\t\t\t\t\t\t<li class=\"active\"\n\t\t\t\t\t\t\t\tdata-term=\"27\">Secretaria de Educa\u00e7\u00e3o<\/li>\n\t\t\t\t\t\t\t\t\t\t\t\t\t\t\t\t\t\t\t\t\t\t\t\t<li data-term=\"17\">Secretaria de Esportes e Lazer<\/li>\n\t\t\t\t\t\t\t\t\t\t\t\t\t\t\t<\/ul>\n\t\t\t\t<div class=\"ha-post-tab-content\">\n\t\t\t\t\t<div class=\"ha-post-tab-item-wrapper active\"\t\t\t\t\t\tdata-term=\" 27\">\n\t\t\t\t\t\t\t\t\t\t\t\t\t<div class=\"ha-post-tab-item\">\n\t\t\t\t\t\t\t\t<div class=\"ha-post-tab-item-inner\">\n\t\t\t\t\t\t\t\t\t\t\t\t\t\t\t\t\t\t\t<a href=\"https:\/\/projetos.leadits.com.br\/Pmsi\/abre-e-fecha-prefeitura-municipal-de-santa-isabel-carnaval-2021\/\"\n\t\t\t\t\t\t\t\t\t\t   class=\"ha-post-tab-thumb\">\n\t\t\t\t\t\t\t\t\t\t\t<img fetchpriority=\"high\" decoding=\"async\" width=\"300\" height=\"180\" src=\"https:\/\/projetos.leadits.com.br\/Pmsi\/wp-content\/uploads\/2021\/02\/WhatsApp-Image-2021-02-12-at-17.40.12-300x180-1.jpeg\" class=\"attachment-full size-full wp-post-image\" alt=\"covid\" \/>\t\t\t\t\t\t\t\t\t\t<\/a>\n\t\t\t\t\t\t\t\t\t\t\t\t\t\t\t\t\t\t<h2 class=\"ha-post-tab-title\"><a href=\"https:\/\/projetos.leadits.com.br\/Pmsi\/abre-e-fecha-prefeitura-municipal-de-santa-isabel-carnaval-2021\/\">Abre e Fecha Prefeitura Municipal de Santa Isabel - CARNAVAL 2021<\/a><\/h2>\n\t\t\t\t\t\t\t\t\t\t\t\t\t\t\t\t\t\t\t\t<div class=\"ha-post-tab-meta\">\n\t\t\t\t\t\t\t\t\t\t\t\t\t\t\t\t\t\t\t\t\t\t\t\t\t\t<span class=\"ha-post-tab-meta-author\">\n\t\t\t\t\t\t\t\t\t\t\t\t\t\t\t<i class=\"fa fa-user-o\"><\/i>\n\t\t\t\t\t\t\t\t\t\t\t\t\t\t\t<a href=\"https:\/\/projetos.leadits.com.br\/Pmsi\/author\/imprensa-oficial\/\">Imprensa Oficial<\/a>\n\t\t\t\t\t\t\t\t\t\t\t\t\t\t<\/span>\n\t\t\t\t\t\t\t\t\t\t\t\t\n\n\t\t\t\t\t\t\t\t\t\t\t\t\n\t\t\t\t\t\t\t\t\t\t\t\t\t<span class=\"ha-post-tab-meta-date\">\n\t\t\t\t\t\t\t\t\t\t\t\t\t\t<i class=\"fa fa-calendar-o\"><\/i>\n\t\t\t\t\t\t\t\t\t\t\t\t\t\t<a href=\"https:\/\/projetos.leadits.com.br\/Pmsi\/2021\/02\/12\/\">\n\t\t\t\t\t\t\t\t\t\t\t\t\t\t12 de fevereiro de 2021\t\t\t\t\t\t\t\t\t\t\t\t\t\t<\/a>\n\t\t\t\t\t\t\t\t\t\t\t\t\t<\/span>\n\n\t\t\t\t\t\t\t\t\t\t\t\t\n\t\t\t\t\t\t\t\t\t\t\t<\/div>\n\t\t\t\t\t\t\t\t\t\n\t\t\t\t\t\t\t\t\t\t\t\t\t\t\t\t\t<\/div>\n\t\t\t\t\t\t\t<\/div>\n\t\t\t\t\t\t\t\t\t\t\t\t\t\t<div class=\"ha-post-tab-item\">\n\t\t\t\t\t\t\t\t<div class=\"ha-post-tab-item-inner\">\n\t\t\t\t\t\t\t\t\t\t\t\t\t\t\t\t\t\t\t<a href=\"https:\/\/projetos.leadits.com.br\/Pmsi\/processo-seletivo-de-estagiarios-lista-de-convocados-2\/\"\n\t\t\t\t\t\t\t\t\t\t   class=\"ha-post-tab-thumb\">\n\t\t\t\t\t\t\t\t\t\t\t<img decoding=\"async\" width=\"300\" height=\"174\" src=\"https:\/\/projetos.leadits.com.br\/Pmsi\/wp-content\/uploads\/2021\/02\/estagiarios1-02-1-300x174-1.png\" class=\"attachment-full size-full wp-post-image\" alt=\"lista de convocados\" \/>\t\t\t\t\t\t\t\t\t\t<\/a>\n\t\t\t\t\t\t\t\t\t\t\t\t\t\t\t\t\t\t<h2 class=\"ha-post-tab-title\"><a href=\"https:\/\/projetos.leadits.com.br\/Pmsi\/processo-seletivo-de-estagiarios-lista-de-convocados-2\/\">Processo Seletivo de Estagi\u00e1rios - Lista de Convocados<\/a><\/h2>\n\t\t\t\t\t\t\t\t\t\t\t\t\t\t\t\t\t\t\t\t<div class=\"ha-post-tab-meta\">\n\t\t\t\t\t\t\t\t\t\t\t\t\t\t\t\t\t\t\t\t\t\t\t\t\t\t<span class=\"ha-post-tab-meta-author\">\n\t\t\t\t\t\t\t\t\t\t\t\t\t\t\t<i class=\"fa fa-user-o\"><\/i>\n\t\t\t\t\t\t\t\t\t\t\t\t\t\t\t<a href=\"https:\/\/projetos.leadits.com.br\/Pmsi\/author\/imprensa-oficial\/\">Imprensa Oficial<\/a>\n\t\t\t\t\t\t\t\t\t\t\t\t\t\t<\/span>\n\t\t\t\t\t\t\t\t\t\t\t\t\n\n\t\t\t\t\t\t\t\t\t\t\t\t\n\t\t\t\t\t\t\t\t\t\t\t\t\t<span class=\"ha-post-tab-meta-date\">\n\t\t\t\t\t\t\t\t\t\t\t\t\t\t<i class=\"fa fa-calendar-o\"><\/i>\n\t\t\t\t\t\t\t\t\t\t\t\t\t\t<a href=\"https:\/\/projetos.leadits.com.br\/Pmsi\/2021\/02\/02\/\">\n\t\t\t\t\t\t\t\t\t\t\t\t\t\t2 de fevereiro de 2021\t\t\t\t\t\t\t\t\t\t\t\t\t\t<\/a>\n\t\t\t\t\t\t\t\t\t\t\t\t\t<\/span>\n\n\t\t\t\t\t\t\t\t\t\t\t\t\n\t\t\t\t\t\t\t\t\t\t\t<\/div>\n\t\t\t\t\t\t\t\t\t\n\t\t\t\t\t\t\t\t\t\t\t\t\t\t\t\t\t<\/div>\n\t\t\t\t\t\t\t<\/div>\n\t\t\t\t\t\t\t\t\t\t\t\t<\/div>\n\t\t\t\t<\/div>\n\t\t\t<\/div>\n\t\t\t\t\t<\/div>\n\t\t\t\t<\/div>\n\t\t\t\t\t<\/div>\n\t\t<\/div>\n\t\t\t\t\t<\/div>\n\t\t<\/section>\n\t\t\t\t<\/div>\n\t\t","protected":false},"excerpt":{"rendered":"<p>\u00daLTIMAS NOT\u00cdCIAS Comunicados Abre e Fecha Prefeitura Municipal de Santa Isabel &#8211; CARNAVAL 2021 12 de fevereiro de 2021 Comunicados SANTA ISABEL AUTORIZA O FUNCIONAMENTO DO COM\u00c9RCIO NO FINAL DE SEMANA 8 de fevereiro de 2021 Comunicados SANTA ISABEL OFERECE CURSO PARA PRODUZIR E VENDER OVOS DE P\u00c1SCOA 8 de fevereiro de 2021 Comunicados CCR &#8230; <a title=\"SANTA ISABEL OFERECE OFICINA DE DESENHO\" class=\"read-more\" href=\"https:\/\/projetos.leadits.com.br\/Pmsi\/santa-isabel-oferece-oficina-de-desenho\/\" aria-label=\"Read more about SANTA ISABEL OFERECE OFICINA DE DESENHO\">Ler mais<\/a><\/p>\n","protected":false},"author":1,"featured_media":0,"parent":0,"menu_order":0,"comment_status":"closed","ping_status":"closed","template":"","meta":{"inline_featured_image":false,"footnotes":""},"folder":[34],"class_list":["post-23390","page","type-page","status-publish","hentry"],"_links":{"self":[{"href":"https:\/\/projetos.leadits.com.br\/Pmsi\/wp-json\/wp\/v2\/pages\/23390"}],"collection":[{"href":"https:\/\/projetos.leadits.com.br\/Pmsi\/wp-json\/wp\/v2\/pages"}],"about":[{"href":"https:\/\/projetos.leadits.com.br\/Pmsi\/wp-json\/wp\/v2\/types\/page"}],"author":[{"embeddable":true,"href":"https:\/\/projetos.leadits.com.br\/Pmsi\/wp-json\/wp\/v2\/users\/1"}],"replies":[{"embeddable":true,"href":"https:\/\/projetos.leadits.com.br\/Pmsi\/wp-json\/wp\/v2\/comments?post=23390"}],"version-history":[{"count":26,"href":"https:\/\/projetos.leadits.com.br\/Pmsi\/wp-json\/wp\/v2\/pages\/23390\/revisions"}],"predecessor-version":[{"id":23512,"href":"https:\/\/projetos.leadits.com.br\/Pmsi\/wp-json\/wp\/v2\/pages\/23390\/revisions\/23512"}],"wp:attachment":[{"href":"https:\/\/projetos.leadits.com.br\/Pmsi\/wp-json\/wp\/v2\/media?parent=23390"}],"wp:term":[{"taxonomy":"folder","embeddable":true,"href":"https:\/\/projetos.leadits.com.br\/Pmsi\/wp-json\/wp\/v2\/folder?post=23390"}],"curies":[{"name":"wp","href":"https:\/\/api.w.org\/{rel}","templated":true}]}}