{"id":23873,"date":"2024-02-19T14:31:00","date_gmt":"2024-02-19T17:31:00","guid":{"rendered":"https:\/\/projetos.leadits.com.br\/Pmsi\/?page_id=23873"},"modified":"2024-02-19T14:41:33","modified_gmt":"2024-02-19T17:41:33","slug":"ensino-tecnico","status":"publish","type":"page","link":"https:\/\/projetos.leadits.com.br\/Pmsi\/ensino-tecnico\/","title":{"rendered":"ENSINO T\u00c9CNICO"},"content":{"rendered":"\t\t<div data-elementor-type=\"wp-page\" data-elementor-id=\"23873\" class=\"elementor elementor-23873\">\n\t\t\t\t\t\t<section class=\"elementor-section elementor-top-section elementor-element elementor-element-2f5e594 elementor-section-full_width elementor-section-height-default elementor-section-height-default\" data-id=\"2f5e594\" data-element_type=\"section\" data-settings=\"{&quot;_ha_eqh_enable&quot;:false}\">\n\t\t\t\t\t\t<div class=\"elementor-container elementor-column-gap-no\">\n\t\t\t\t\t<div class=\"elementor-column elementor-col-50 elementor-top-column elementor-element elementor-element-dec3b85\" data-id=\"dec3b85\" data-element_type=\"column\">\n\t\t\t<div class=\"elementor-widget-wrap elementor-element-populated\">\n\t\t\t\t\t\t<section class=\"elementor-section elementor-inner-section elementor-element elementor-element-3bf4f7d elementor-section-boxed elementor-section-height-default elementor-section-height-default\" data-id=\"3bf4f7d\" data-element_type=\"section\" data-settings=\"{&quot;_ha_eqh_enable&quot;:false}\">\n\t\t\t\t\t\t<div class=\"elementor-container elementor-column-gap-default\">\n\t\t\t\t\t<div class=\"elementor-column elementor-col-50 elementor-inner-column elementor-element elementor-element-dc81b78\" data-id=\"dc81b78\" data-element_type=\"column\">\n\t\t\t<div class=\"elementor-widget-wrap elementor-element-populated\">\n\t\t\t\t\t\t<div class=\"elementor-element elementor-element-0805298 elementor-widget elementor-widget-heading\" data-id=\"0805298\" data-element_type=\"widget\" data-widget_type=\"heading.default\">\n\t\t\t\t<div class=\"elementor-widget-container\">\n\t\t\t<h4 class=\"elementor-heading-title elementor-size-default\">ETEC SANTA ISABEL<\/h4>\t\t<\/div>\n\t\t\t\t<\/div>\n\t\t\t\t<div class=\"elementor-element elementor-element-bafe6d1 elementor-widget-divider--view-line elementor-widget elementor-widget-divider\" data-id=\"bafe6d1\" data-element_type=\"widget\" data-widget_type=\"divider.default\">\n\t\t\t\t<div class=\"elementor-widget-container\">\n\t\t\t\t\t<div class=\"elementor-divider\">\n\t\t\t<span class=\"elementor-divider-separator\">\n\t\t\t\t\t\t<\/span>\n\t\t<\/div>\n\t\t\t\t<\/div>\n\t\t\t\t<\/div>\n\t\t\t\t\t<\/div>\n\t\t<\/div>\n\t\t\t\t<div class=\"elementor-column elementor-col-50 elementor-inner-column elementor-element elementor-element-7ed604a\" data-id=\"7ed604a\" data-element_type=\"column\" data-settings=\"{&quot;background_background&quot;:&quot;classic&quot;}\">\n\t\t\t<div class=\"elementor-widget-wrap\">\n\t\t\t\t\t\t\t<\/div>\n\t\t<\/div>\n\t\t\t\t\t<\/div>\n\t\t<\/section>\n\t\t\t\t<section class=\"elementor-section elementor-inner-section elementor-element elementor-element-30bd6c3 elementor-section-boxed elementor-section-height-default elementor-section-height-default\" data-id=\"30bd6c3\" data-element_type=\"section\" data-settings=\"{&quot;_ha_eqh_enable&quot;:false}\">\n\t\t\t\t\t\t<div class=\"elementor-container elementor-column-gap-default\">\n\t\t\t\t\t<div class=\"elementor-column elementor-col-50 elementor-inner-column elementor-element elementor-element-0506597\" data-id=\"0506597\" data-element_type=\"column\">\n\t\t\t<div class=\"elementor-widget-wrap elementor-element-populated\">\n\t\t\t\t\t\t<div class=\"elementor-element elementor-element-0cb30dd elementor-widget elementor-widget-spacer\" data-id=\"0cb30dd\" data-element_type=\"widget\" data-widget_type=\"spacer.default\">\n\t\t\t\t<div class=\"elementor-widget-container\">\n\t\t\t\t\t<div class=\"elementor-spacer\">\n\t\t\t<div class=\"elementor-spacer-inner\"><\/div>\n\t\t<\/div>\n\t\t\t\t<\/div>\n\t\t\t\t<\/div>\n\t\t\t\t<div class=\"elementor-element elementor-element-6e81310 elementor-widget-tablet__width-initial elementor-widget elementor-widget-text-editor\" data-id=\"6e81310\" data-element_type=\"widget\" data-widget_type=\"text-editor.default\">\n\t\t\t\t<div class=\"elementor-widget-container\">\n\t\t\t\t\t\t\t<p>A hist\u00f3ria da Etec de Santa Isabel inicia-se com a implanta\u00e7\u00e3o de salas descentralizadas no munic\u00edpio e a sua cria\u00e7\u00e3o como escola deu-se atrav\u00e9s do Decreto 55224\/09 no dia 22 do m\u00eas de dezembro de 2009, quando foi denominada como \u201cEscola T\u00e9cnica de Santa Isabel\u201d tornando-se uma unidade de ensino do Centro Estadual de Educa\u00e7\u00e3o Tecnol\u00f3gica \u201cPaula Souza\u201d \u2013 CEETEPS.<\/p><p>Rec\u00e9m-formada mas com crescimento em ritmo acelerado a Etec Santa Isabel \u00e9 atuante na dissemina\u00e7\u00e3o de conhecimento e forma\u00e7\u00e3o profissional com o objetivo dar aos jovens maiores oportunidades de aprendizado e coloca\u00e7\u00e3o no mercado de trabalho.<br \/>Por meio das compet\u00eancias, habilidades e bases tecnol\u00f3gicas forma profissionais, descobre talentos e desperta a cidadania, colaborando diretamente para a forma\u00e7\u00e3o do seu esp\u00edrito empreendedor e relacionamento humano.<\/p><p>Para garantir a abertura de novos horizontes para estes cidad\u00e3os, a Etec se mant\u00e9m com recursos de contribui\u00e7\u00f5es, parcerias e conv\u00eanios com institui\u00e7\u00f5es p\u00fablicas, empresas e comunidade.<\/p><div id=\"acfifjfajpekbmhmjppnmmjgmhjkildl\" class=\"acfifjfajpekbmhmjppnmmjgmhjkildl\">\u00a0<\/div><div id=\"acfifjfajpekbmhmjppnmmjgmhjkildl\" class=\"acfifjfajpekbmhmjppnmmjgmhjkildl\">\u00a0<\/div>\t\t\t\t\t\t<\/div>\n\t\t\t\t<\/div>\n\t\t\t\t<div class=\"elementor-element elementor-element-73106b4 elementor-widget elementor-widget-spacer\" data-id=\"73106b4\" data-element_type=\"widget\" data-widget_type=\"spacer.default\">\n\t\t\t\t<div class=\"elementor-widget-container\">\n\t\t\t\t\t<div class=\"elementor-spacer\">\n\t\t\t<div class=\"elementor-spacer-inner\"><\/div>\n\t\t<\/div>\n\t\t\t\t<\/div>\n\t\t\t\t<\/div>\n\t\t\t\t<div class=\"elementor-element elementor-element-b3c89f9 elementor-widget elementor-widget-spacer\" data-id=\"b3c89f9\" data-element_type=\"widget\" data-widget_type=\"spacer.default\">\n\t\t\t\t<div class=\"elementor-widget-container\">\n\t\t\t\t\t<div class=\"elementor-spacer\">\n\t\t\t<div class=\"elementor-spacer-inner\"><\/div>\n\t\t<\/div>\n\t\t\t\t<\/div>\n\t\t\t\t<\/div>\n\t\t\t\t\t<\/div>\n\t\t<\/div>\n\t\t\t\t<div class=\"elementor-column elementor-col-50 elementor-inner-column elementor-element elementor-element-247e62c\" data-id=\"247e62c\" data-element_type=\"column\" data-settings=\"{&quot;background_background&quot;:&quot;classic&quot;}\">\n\t\t\t<div class=\"elementor-widget-wrap\">\n\t\t\t\t\t\t\t<\/div>\n\t\t<\/div>\n\t\t\t\t\t<\/div>\n\t\t<\/section>\n\t\t\t\t\t<\/div>\n\t\t<\/div>\n\t\t\t\t<div class=\"elementor-column elementor-col-50 elementor-top-column elementor-element elementor-element-9684a8a\" data-id=\"9684a8a\" data-element_type=\"column\">\n\t\t\t<div class=\"elementor-widget-wrap elementor-element-populated\">\n\t\t\t\t\t\t<div class=\"elementor-element elementor-element-6bfaea2 elementor-widget elementor-widget-spacer\" data-id=\"6bfaea2\" data-element_type=\"widget\" data-widget_type=\"spacer.default\">\n\t\t\t\t<div class=\"elementor-widget-container\">\n\t\t\t\t\t<div class=\"elementor-spacer\">\n\t\t\t<div class=\"elementor-spacer-inner\"><\/div>\n\t\t<\/div>\n\t\t\t\t<\/div>\n\t\t\t\t<\/div>\n\t\t\t\t<div class=\"elementor-element elementor-element-9f8d279 elementor-widget-tablet__width-initial elementor-widget elementor-widget-image\" data-id=\"9f8d279\" data-element_type=\"widget\" data-widget_type=\"image.default\">\n\t\t\t\t<div class=\"elementor-widget-container\">\n\t\t\t\t\t\t\t\t\t\t\t\t\t<img fetchpriority=\"high\" decoding=\"async\" width=\"1200\" height=\"800\" src=\"https:\/\/projetos.leadits.com.br\/Pmsi\/wp-content\/uploads\/2024\/02\/logo-etec.jpg\" class=\"attachment-full size-full wp-image-23881\" alt=\"\" srcset=\"https:\/\/projetos.leadits.com.br\/Pmsi\/wp-content\/uploads\/2024\/02\/logo-etec.jpg 1200w, https:\/\/projetos.leadits.com.br\/Pmsi\/wp-content\/uploads\/2024\/02\/logo-etec-300x200.jpg 300w, https:\/\/projetos.leadits.com.br\/Pmsi\/wp-content\/uploads\/2024\/02\/logo-etec-1024x683.jpg 1024w, https:\/\/projetos.leadits.com.br\/Pmsi\/wp-content\/uploads\/2024\/02\/logo-etec-768x512.jpg 768w\" sizes=\"(max-width: 1200px) 100vw, 1200px\" \/>\t\t\t\t\t\t\t\t\t\t\t\t\t<\/div>\n\t\t\t\t<\/div>\n\t\t\t\t<section class=\"elementor-section elementor-inner-section elementor-element elementor-element-364148c elementor-section-boxed elementor-section-height-default elementor-section-height-default\" data-id=\"364148c\" data-element_type=\"section\" data-settings=\"{&quot;_ha_eqh_enable&quot;:false}\">\n\t\t\t\t\t\t<div class=\"elementor-container elementor-column-gap-default\">\n\t\t\t\t\t<div class=\"elementor-column elementor-col-100 elementor-inner-column elementor-element elementor-element-5d089f4\" data-id=\"5d089f4\" data-element_type=\"column\">\n\t\t\t<div class=\"elementor-widget-wrap elementor-element-populated\">\n\t\t\t\t\t\t<div class=\"elementor-element elementor-element-4117285 elementor-widget elementor-widget-text-editor\" data-id=\"4117285\" data-element_type=\"widget\" data-widget_type=\"text-editor.default\">\n\t\t\t\t<div class=\"elementor-widget-container\">\n\t\t\t\t\t\t\t<p><strong>Para maiores informa\u00e7\u00f5es:<\/strong><\/p>\t\t\t\t\t\t<\/div>\n\t\t\t\t<\/div>\n\t\t\t\t<div class=\"elementor-element elementor-element-8d8f312 elementor-widget elementor-widget-spacer\" data-id=\"8d8f312\" data-element_type=\"widget\" data-widget_type=\"spacer.default\">\n\t\t\t\t<div class=\"elementor-widget-container\">\n\t\t\t\t\t<div class=\"elementor-spacer\">\n\t\t\t<div class=\"elementor-spacer-inner\"><\/div>\n\t\t<\/div>\n\t\t\t\t<\/div>\n\t\t\t\t<\/div>\n\t\t\t\t<div class=\"elementor-element elementor-element-682c1d4 elementor-widget elementor-widget-text-editor\" data-id=\"682c1d4\" data-element_type=\"widget\" data-widget_type=\"text-editor.default\">\n\t\t\t\t<div class=\"elementor-widget-container\">\n\t\t\t\t\t\t\t<p><strong>Endere\u00e7o:<\/strong>\u00a0<span style=\"color: var( --e-global-color-text ); font-family: var( --e-global-typography-text-font-family ), Sans-serif; font-weight: var( --e-global-typography-text-font-weight );\">Rua Professora Ana Moutinho Gon\u00e7alves, 57 &#8211;\u00a0<\/span><span style=\"color: var( --e-global-color-text ); font-family: var( --e-global-typography-text-font-family ), Sans-serif; font-weight: var( --e-global-typography-text-font-weight );\">Treze de Maio &#8211;\u00a0<\/span><span style=\"color: var( --e-global-color-text ); font-family: var( --e-global-typography-text-font-family ), Sans-serif; font-weight: var( --e-global-typography-text-font-weight );\">Santa Isabel &#8211; SP &#8211;\u00a0<\/span><span style=\"color: var( --e-global-color-text ); font-family: var( --e-global-typography-text-font-family ), Sans-serif; font-weight: var( --e-global-typography-text-font-weight );\">CEP: 07500-000<\/span><\/p>\t\t\t\t\t\t<\/div>\n\t\t\t\t<\/div>\n\t\t\t\t<div class=\"elementor-element elementor-element-65021f0 elementor-widget elementor-widget-spacer\" data-id=\"65021f0\" data-element_type=\"widget\" data-widget_type=\"spacer.default\">\n\t\t\t\t<div class=\"elementor-widget-container\">\n\t\t\t\t\t<div class=\"elementor-spacer\">\n\t\t\t<div class=\"elementor-spacer-inner\"><\/div>\n\t\t<\/div>\n\t\t\t\t<\/div>\n\t\t\t\t<\/div>\n\t\t\t\t<div class=\"elementor-element elementor-element-17fca38 elementor-widget elementor-widget-text-editor\" data-id=\"17fca38\" data-element_type=\"widget\" data-widget_type=\"text-editor.default\">\n\t\t\t\t<div class=\"elementor-widget-container\">\n\t\t\t\t\t\t\t<p><strong>Telefone:\u00a0<\/strong><span style=\"color: var( --e-global-color-text ); font-family: var( --e-global-typography-text-font-family ), Sans-serif; font-weight: var( --e-global-typography-text-font-weight );\">(11) 4656-4588\/ 4656-6227\/4656-6229<\/span><\/p><div id=\"acfifjfajpekbmhmjppnmmjgmhjkildl\" class=\"acfifjfajpekbmhmjppnmmjgmhjkildl\">\u00a0<\/div><div id=\"acfifjfajpekbmhmjppnmmjgmhjkildl\" class=\"acfifjfajpekbmhmjppnmmjgmhjkildl\">\u00a0<\/div>\t\t\t\t\t\t<\/div>\n\t\t\t\t<\/div>\n\t\t\t\t<div class=\"elementor-element elementor-element-082358a elementor-widget elementor-widget-text-editor\" data-id=\"082358a\" data-element_type=\"widget\" data-widget_type=\"text-editor.default\">\n\t\t\t\t<div class=\"elementor-widget-container\">\n\t\t\t\t\t\t\t<p><strong>E-mail:\u00a0<\/strong><a href=\"mailto:etecsantaisabel@gmail.com\"><span style=\"color: var( --e-global-color-text ); font-family: var( --e-global-typography-text-font-family ), Sans-serif; font-weight: var( --e-global-typography-text-font-weight );\">etecsantaisabel@gmail.com<\/span><\/a><\/p><div id=\"acfifjfajpekbmhmjppnmmjgmhjkildl\" class=\"acfifjfajpekbmhmjppnmmjgmhjkildl\">\u00a0<\/div><div id=\"acfifjfajpekbmhmjppnmmjgmhjkildl\" class=\"acfifjfajpekbmhmjppnmmjgmhjkildl\">\u00a0<\/div>\t\t\t\t\t\t<\/div>\n\t\t\t\t<\/div>\n\t\t\t\t<div class=\"elementor-element elementor-element-527a0f3 elementor-widget elementor-widget-text-editor\" data-id=\"527a0f3\" data-element_type=\"widget\" data-widget_type=\"text-editor.default\">\n\t\t\t\t<div class=\"elementor-widget-container\">\n\t\t\t\t\t\t\t<p><strong>Site: <\/strong><a href=\"http:\/\/www.etecsantaisabel.com.br\/etecsi\/\">www.etecsantaisabel.com.br\/etecsi\/<\/a><\/p><div id=\"acfifjfajpekbmhmjppnmmjgmhjkildl\" class=\"acfifjfajpekbmhmjppnmmjgmhjkildl\">\u00a0<\/div><div id=\"acfifjfajpekbmhmjppnmmjgmhjkildl\" class=\"acfifjfajpekbmhmjppnmmjgmhjkildl\">\u00a0<\/div>\t\t\t\t\t\t<\/div>\n\t\t\t\t<\/div>\n\t\t\t\t<div class=\"elementor-element elementor-element-7fdce8e elementor-widget elementor-widget-text-editor\" data-id=\"7fdce8e\" data-element_type=\"widget\" data-widget_type=\"text-editor.default\">\n\t\t\t\t<div class=\"elementor-widget-container\">\n\t\t\t\t\t\t\t<p><strong>Hor\u00e1rio de Funcionamento:<\/strong> 7h \u00e0s 22h<\/p><div id=\"acfifjfajpekbmhmjppnmmjgmhjkildl\" class=\"acfifjfajpekbmhmjppnmmjgmhjkildl\">\u00a0<\/div>\t\t\t\t\t\t<\/div>\n\t\t\t\t<\/div>\n\t\t\t\t<div class=\"elementor-element elementor-element-7dadc56 elementor-widget elementor-widget-spacer\" data-id=\"7dadc56\" data-element_type=\"widget\" data-widget_type=\"spacer.default\">\n\t\t\t\t<div class=\"elementor-widget-container\">\n\t\t\t\t\t<div class=\"elementor-spacer\">\n\t\t\t<div class=\"elementor-spacer-inner\"><\/div>\n\t\t<\/div>\n\t\t\t\t<\/div>\n\t\t\t\t<\/div>\n\t\t\t\t\t<\/div>\n\t\t<\/div>\n\t\t\t\t\t<\/div>\n\t\t<\/section>\n\t\t\t\t\t<\/div>\n\t\t<\/div>\n\t\t\t\t\t<\/div>\n\t\t<\/section>\n\t\t\t\t<\/div>\n\t\t","protected":false},"excerpt":{"rendered":"<p>ETEC SANTA ISABEL A hist\u00f3ria da Etec de Santa Isabel inicia-se com a implanta\u00e7\u00e3o de salas descentralizadas no munic\u00edpio e a sua cria\u00e7\u00e3o como escola deu-se atrav\u00e9s do Decreto 55224\/09 no dia 22 do m\u00eas de dezembro de 2009, quando foi denominada como \u201cEscola T\u00e9cnica de Santa Isabel\u201d tornando-se uma unidade de ensino do Centro &#8230; <a title=\"ENSINO T\u00c9CNICO\" class=\"read-more\" href=\"https:\/\/projetos.leadits.com.br\/Pmsi\/ensino-tecnico\/\" aria-label=\"Read more about ENSINO T\u00c9CNICO\">Ler mais<\/a><\/p>\n","protected":false},"author":1,"featured_media":0,"parent":0,"menu_order":0,"comment_status":"closed","ping_status":"closed","template":"","meta":{"inline_featured_image":false,"footnotes":""},"folder":[33],"class_list":["post-23873","page","type-page","status-publish"],"_links":{"self":[{"href":"https:\/\/projetos.leadits.com.br\/Pmsi\/wp-json\/wp\/v2\/pages\/23873"}],"collection":[{"href":"https:\/\/projetos.leadits.com.br\/Pmsi\/wp-json\/wp\/v2\/pages"}],"about":[{"href":"https:\/\/projetos.leadits.com.br\/Pmsi\/wp-json\/wp\/v2\/types\/page"}],"author":[{"embeddable":true,"href":"https:\/\/projetos.leadits.com.br\/Pmsi\/wp-json\/wp\/v2\/users\/1"}],"replies":[{"embeddable":true,"href":"https:\/\/projetos.leadits.com.br\/Pmsi\/wp-json\/wp\/v2\/comments?post=23873"}],"version-history":[{"count":10,"href":"https:\/\/projetos.leadits.com.br\/Pmsi\/wp-json\/wp\/v2\/pages\/23873\/revisions"}],"predecessor-version":[{"id":23884,"href":"https:\/\/projetos.leadits.com.br\/Pmsi\/wp-json\/wp\/v2\/pages\/23873\/revisions\/23884"}],"wp:attachment":[{"href":"https:\/\/projetos.leadits.com.br\/Pmsi\/wp-json\/wp\/v2\/media?parent=23873"}],"wp:term":[{"taxonomy":"folder","embeddable":true,"href":"https:\/\/projetos.leadits.com.br\/Pmsi\/wp-json\/wp\/v2\/folder?post=23873"}],"curies":[{"name":"wp","href":"https:\/\/api.w.org\/{rel}","templated":true}]}}